{"id":8282,"date":"2025-02-17T11:49:27","date_gmt":"2025-02-17T09:49:27","guid":{"rendered":"https:\/\/www.alertaforestal.com\/resultados\/"},"modified":"2025-07-07T11:50:41","modified_gmt":"2025-07-07T09:50:41","slug":"resultados","status":"publish","type":"page","link":"https:\/\/www.alertaforestal.com\/es\/resultados\/","title":{"rendered":"Resultados"},"content":{"rendered":"\t\t<div data-elementor-type=\"wp-page\" data-elementor-id=\"8282\" class=\"elementor elementor-8282 elementor-111\" data-elementor-post-type=\"page\">\n\t\t\t\t<div class=\"elementor-element elementor-element-7018d58 e-con-full e-flex e-con e-parent\" data-id=\"7018d58\" data-element_type=\"container\" data-settings=\"{&quot;jet_parallax_layout_list&quot;:[]}\">\n\t\t<div class=\"elementor-element elementor-element-e7ff2af e-con-full e-flex e-con e-child\" data-id=\"e7ff2af\" data-element_type=\"container\" data-settings=\"{&quot;jet_parallax_layout_list&quot;:[]}\">\n\t\t\t\t<div class=\"elementor-element elementor-element-b24e905 elementor-widget elementor-widget-heading\" data-id=\"b24e905\" data-element_type=\"widget\" data-widget_type=\"heading.default\">\n\t\t\t\t<div class=\"elementor-widget-container\">\n\t\t\t\t\t<h1 class=\"elementor-heading-title elementor-size-default\">Resultados<\/h1>\t\t\t\t<\/div>\n\t\t\t\t<\/div>\n\t\t\t\t<div class=\"elementor-element elementor-element-4639f65 elementor-widget elementor-widget-text-editor\" data-id=\"4639f65\" data-element_type=\"widget\" data-widget_type=\"text-editor.default\">\n\t\t\t\t<div class=\"elementor-widget-container\">\n\t\t\t\t\t\t\t\t\t<p>Aqu\u00ed encontrar\u00e1s los resultados m\u00e1s relevantes que se deriven de tu participaci\u00f3n en la plataforma AlertaForestal<\/p>\t\t\t\t\t\t\t\t<\/div>\n\t\t\t\t<\/div>\n\t\t\t\t<\/div>\n\t\t\t\t<\/div>\n\t\t<div class=\"elementor-element elementor-element-847eb78 e-con-full e-flex e-con e-parent\" data-id=\"847eb78\" data-element_type=\"container\" data-settings=\"{&quot;jet_parallax_layout_list&quot;:[]}\">\n\t\t\t\t<div class=\"elementor-element elementor-element-9d32a42 elementor-grid-3 elementor-grid-tablet-2 elementor-grid-mobile-1 elementor-widget elementor-widget-loop-grid\" data-id=\"9d32a42\" data-element_type=\"widget\" data-settings=\"{&quot;template_id&quot;:8382,&quot;row_gap&quot;:{&quot;unit&quot;:&quot;px&quot;,&quot;size&quot;:50,&quot;sizes&quot;:[]},&quot;_skin&quot;:&quot;post&quot;,&quot;columns&quot;:&quot;3&quot;,&quot;columns_tablet&quot;:&quot;2&quot;,&quot;columns_mobile&quot;:&quot;1&quot;,&quot;edit_handle_selector&quot;:&quot;[data-elementor-type=\\&quot;loop-item\\&quot;]&quot;,&quot;row_gap_tablet_extra&quot;:{&quot;unit&quot;:&quot;px&quot;,&quot;size&quot;:&quot;&quot;,&quot;sizes&quot;:[]},&quot;row_gap_tablet&quot;:{&quot;unit&quot;:&quot;px&quot;,&quot;size&quot;:&quot;&quot;,&quot;sizes&quot;:[]},&quot;row_gap_mobile&quot;:{&quot;unit&quot;:&quot;px&quot;,&quot;size&quot;:&quot;&quot;,&quot;sizes&quot;:[]}}\" data-widget_type=\"loop-grid.post\">\n\t\t\t\t<div class=\"elementor-widget-container\">\n\t\t\t\t\t\t\t<div class=\"elementor-loop-container elementor-grid\" role=\"list\">\n\t\t<style id=\"loop-8382\">.elementor-8382 .elementor-element.elementor-element-57cfbe6{--display:flex;--padding-top:0px;--padding-bottom:0px;--padding-left:0px;--padding-right:0px;}.elementor-8382 .elementor-element.elementor-element-c9bbc39{--display:flex;--padding-top:0px;--padding-bottom:0px;--padding-left:0px;--padding-right:0px;}.elementor-widget-theme-post-featured-image .widget-image-caption{color:var( --e-global-color-text );font-family:var( --e-global-typography-text-font-family ), Sans-serif;font-weight:var( --e-global-typography-text-font-weight );}.elementor-8382 .elementor-element.elementor-element-1de7544 img{height:250px;object-fit:cover;object-position:center center;}.elementor-8382 .elementor-element.elementor-element-0fcab17{--display:flex;--gap:10px 0px;--row-gap:10px;--column-gap:0px;--padding-top:0px;--padding-bottom:0px;--padding-left:20px;--padding-right:20px;}.elementor-widget-heading .elementor-heading-title{font-family:var( --e-global-typography-primary-font-family ), Sans-serif;font-weight:var( --e-global-typography-primary-font-weight );color:var( --e-global-color-primary );}.elementor-8382 .elementor-element.elementor-element-a2efac6 .elementor-heading-title{font-family:\"Rubik\", Sans-serif;font-weight:500;}.elementor-widget-theme-post-excerpt .elementor-widget-container{font-family:var( --e-global-typography-text-font-family ), Sans-serif;font-weight:var( --e-global-typography-text-font-weight );color:var( --e-global-color-text );}.elementor-8382 .elementor-element.elementor-element-8dbb49f .elementor-widget-container{font-family:\"Noto Sans\", Sans-serif;font-weight:400;}@media(max-width:1024px) and (min-width:768px){.elementor-8382 .elementor-element.elementor-element-c9bbc39{--width:30%;}.elementor-8382 .elementor-element.elementor-element-0fcab17{--width:61%;}}@media(max-width:1024px){.elementor-8382 .elementor-element.elementor-element-57cfbe6{--flex-direction:row;--container-widget-width:initial;--container-widget-height:100%;--container-widget-flex-grow:1;--container-widget-align-self:stretch;--flex-wrap-mobile:wrap;--flex-wrap:wrap;}.elementor-8382 .elementor-element.elementor-element-1de7544 img{height:200px;}.elementor-8382 .elementor-element.elementor-element-0fcab17{--padding-top:0px;--padding-bottom:0px;--padding-left:0px;--padding-right:0px;}.elementor-8382 .elementor-element.elementor-element-8dbb49f .elementor-widget-container{font-size:15px;}}@media(max-width:767px){.elementor-8382 .elementor-element.elementor-element-57cfbe6{--flex-direction:row;--container-widget-width:initial;--container-widget-height:100%;--container-widget-flex-grow:1;--container-widget-align-self:stretch;--flex-wrap-mobile:wrap;--flex-wrap:wrap;}.elementor-8382 .elementor-element.elementor-element-c9bbc39{--width:30%;}.elementor-8382 .elementor-element.elementor-element-1de7544 img{height:120px;}.elementor-8382 .elementor-element.elementor-element-0fcab17{--width:61%;--padding-top:5px;--padding-bottom:0px;--padding-left:0px;--padding-right:0px;}.elementor-8382 .elementor-element.elementor-element-a2efac6 .elementor-heading-title{font-size:22px;}}<\/style>\t\t<div data-elementor-type=\"loop-item\" data-elementor-id=\"8382\" class=\"elementor elementor-8382 e-loop-item e-loop-item-8278 post-8278 page type-page status-publish has-post-thumbnail hentry\" data-elementor-post-type=\"elementor_library\" data-custom-edit-handle=\"1\">\n\t\t\t<div class=\"elementor-element elementor-element-57cfbe6 e-flex e-con-boxed e-con e-parent\" data-id=\"57cfbe6\" data-element_type=\"container\" data-settings=\"{&quot;jet_parallax_layout_list&quot;:[]}\">\n\t\t\t\t\t<div class=\"e-con-inner\">\n\t\t<div class=\"elementor-element elementor-element-c9bbc39 e-con-full e-flex e-con e-child\" data-id=\"c9bbc39\" data-element_type=\"container\" data-settings=\"{&quot;jet_parallax_layout_list&quot;:[]}\">\n\t\t\t\t<div class=\"elementor-element elementor-element-1de7544 elementor-widget elementor-widget-theme-post-featured-image elementor-widget-image\" data-id=\"1de7544\" data-element_type=\"widget\" data-widget_type=\"theme-post-featured-image.default\">\n\t\t\t\t<div class=\"elementor-widget-container\">\n\t\t\t\t\t\t\t\t\t\t\t\t\t\t\t\t<a href=\"https:\/\/www.alertaforestal.com\/es\/resultados\/publicaciones-cientificas\/\">\n\t\t\t\t\t\t\t<img fetchpriority=\"high\" decoding=\"async\" width=\"800\" height=\"600\" src=\"https:\/\/www.alertaforestal.com\/wp-content\/uploads\/2025\/07\/Publicacions.webp\" class=\"attachment-large size-large wp-image-9309\" alt=\"\" \/>\t\t\t\t\t\t\t\t<\/a>\n\t\t\t\t\t\t\t\t\t\t\t\t\t\t\t<\/div>\n\t\t\t\t<\/div>\n\t\t\t\t<\/div>\n\t\t<div class=\"elementor-element elementor-element-0fcab17 e-con-full e-flex e-con e-child\" data-id=\"0fcab17\" data-element_type=\"container\" data-settings=\"{&quot;jet_parallax_layout_list&quot;:[]}\">\n\t\t\t\t<div class=\"elementor-element elementor-element-a2efac6 elementor-widget elementor-widget-heading\" data-id=\"a2efac6\" data-element_type=\"widget\" data-widget_type=\"heading.default\">\n\t\t\t\t<div class=\"elementor-widget-container\">\n\t\t\t\t\t<h3 class=\"elementor-heading-title elementor-size-default\">Publicaciones cient\u00edficas<\/h3>\t\t\t\t<\/div>\n\t\t\t\t<\/div>\n\t\t\t\t<div class=\"elementor-element elementor-element-8dbb49f elementor-widget elementor-widget-theme-post-excerpt\" data-id=\"8dbb49f\" data-element_type=\"widget\" data-widget_type=\"theme-post-excerpt.default\">\n\t\t\t\t<div class=\"elementor-widget-container\">\n\t\t\t\t\tAqu\u00ed encontrar\u00e1s las publicaciones m\u00e1s relevantes que se deriven de tu participaci\u00f3n en la plataforma AlertaForestal.\t\t\t\t<\/div>\n\t\t\t\t<\/div>\n\t\t\t\t<\/div>\n\t\t\t\t\t<\/div>\n\t\t\t\t<\/div>\n\t\t\t\t<\/div>\n\t\t\t\t<div data-elementor-type=\"loop-item\" data-elementor-id=\"8382\" class=\"elementor elementor-8382 e-loop-item e-loop-item-8280 post-8280 page type-page status-publish has-post-thumbnail hentry\" data-elementor-post-type=\"elementor_library\" data-custom-edit-handle=\"1\">\n\t\t\t<div class=\"elementor-element elementor-element-57cfbe6 e-flex e-con-boxed e-con e-parent\" data-id=\"57cfbe6\" data-element_type=\"container\" data-settings=\"{&quot;jet_parallax_layout_list&quot;:[]}\">\n\t\t\t\t\t<div class=\"e-con-inner\">\n\t\t<div class=\"elementor-element elementor-element-c9bbc39 e-con-full e-flex e-con e-child\" data-id=\"c9bbc39\" data-element_type=\"container\" data-settings=\"{&quot;jet_parallax_layout_list&quot;:[]}\">\n\t\t\t\t<div class=\"elementor-element elementor-element-1de7544 elementor-widget elementor-widget-theme-post-featured-image elementor-widget-image\" data-id=\"1de7544\" data-element_type=\"widget\" data-widget_type=\"theme-post-featured-image.default\">\n\t\t\t\t<div class=\"elementor-widget-container\">\n\t\t\t\t\t\t\t\t\t\t\t\t\t\t\t\t<a href=\"https:\/\/www.alertaforestal.com\/es\/resultados\/recursos-y-otros-documentos\/\">\n\t\t\t\t\t\t\t<img decoding=\"async\" width=\"800\" height=\"600\" src=\"https:\/\/www.alertaforestal.com\/wp-content\/uploads\/2025\/07\/Recursos.webp\" class=\"attachment-large size-large wp-image-9307\" alt=\"\" \/>\t\t\t\t\t\t\t\t<\/a>\n\t\t\t\t\t\t\t\t\t\t\t\t\t\t\t<\/div>\n\t\t\t\t<\/div>\n\t\t\t\t<\/div>\n\t\t<div class=\"elementor-element elementor-element-0fcab17 e-con-full e-flex e-con e-child\" data-id=\"0fcab17\" data-element_type=\"container\" data-settings=\"{&quot;jet_parallax_layout_list&quot;:[]}\">\n\t\t\t\t<div class=\"elementor-element elementor-element-a2efac6 elementor-widget elementor-widget-heading\" data-id=\"a2efac6\" data-element_type=\"widget\" data-widget_type=\"heading.default\">\n\t\t\t\t<div class=\"elementor-widget-container\">\n\t\t\t\t\t<h3 class=\"elementor-heading-title elementor-size-default\">Recursos y otros documentos<\/h3>\t\t\t\t<\/div>\n\t\t\t\t<\/div>\n\t\t\t\t<div class=\"elementor-element elementor-element-8dbb49f elementor-widget elementor-widget-theme-post-excerpt\" data-id=\"8dbb49f\" data-element_type=\"widget\" data-widget_type=\"theme-post-excerpt.default\">\n\t\t\t\t<div class=\"elementor-widget-container\">\n\t\t\t\t\tEn este apartado encontrar\u00e1s recursos \u00fatiles sobre el proyecto AlertaForestal.\t\t\t\t<\/div>\n\t\t\t\t<\/div>\n\t\t\t\t<\/div>\n\t\t\t\t\t<\/div>\n\t\t\t\t<\/div>\n\t\t\t\t<\/div>\n\t\t\t\t<div data-elementor-type=\"loop-item\" data-elementor-id=\"8382\" class=\"elementor elementor-8382 e-loop-item e-loop-item-8256 post-8256 page type-page status-publish has-post-thumbnail hentry\" data-elementor-post-type=\"elementor_library\" data-custom-edit-handle=\"1\">\n\t\t\t<div class=\"elementor-element elementor-element-57cfbe6 e-flex e-con-boxed e-con e-parent\" data-id=\"57cfbe6\" data-element_type=\"container\" data-settings=\"{&quot;jet_parallax_layout_list&quot;:[]}\">\n\t\t\t\t\t<div class=\"e-con-inner\">\n\t\t<div class=\"elementor-element elementor-element-c9bbc39 e-con-full e-flex e-con e-child\" data-id=\"c9bbc39\" data-element_type=\"container\" data-settings=\"{&quot;jet_parallax_layout_list&quot;:[]}\">\n\t\t\t\t<div class=\"elementor-element elementor-element-1de7544 elementor-widget elementor-widget-theme-post-featured-image elementor-widget-image\" data-id=\"1de7544\" data-element_type=\"widget\" data-widget_type=\"theme-post-featured-image.default\">\n\t\t\t\t<div class=\"elementor-widget-container\">\n\t\t\t\t\t\t\t\t\t\t\t\t\t\t\t\t<a href=\"https:\/\/www.alertaforestal.com\/es\/resultados\/informes\/\">\n\t\t\t\t\t\t\t<img decoding=\"async\" width=\"800\" height=\"600\" src=\"https:\/\/www.alertaforestal.com\/wp-content\/uploads\/2025\/07\/Informes.webp\" class=\"attachment-large size-large wp-image-9305\" alt=\"\" \/>\t\t\t\t\t\t\t\t<\/a>\n\t\t\t\t\t\t\t\t\t\t\t\t\t\t\t<\/div>\n\t\t\t\t<\/div>\n\t\t\t\t<\/div>\n\t\t<div class=\"elementor-element elementor-element-0fcab17 e-con-full e-flex e-con e-child\" data-id=\"0fcab17\" data-element_type=\"container\" data-settings=\"{&quot;jet_parallax_layout_list&quot;:[]}\">\n\t\t\t\t<div class=\"elementor-element elementor-element-a2efac6 elementor-widget elementor-widget-heading\" data-id=\"a2efac6\" data-element_type=\"widget\" data-widget_type=\"heading.default\">\n\t\t\t\t<div class=\"elementor-widget-container\">\n\t\t\t\t\t<h3 class=\"elementor-heading-title elementor-size-default\">Informes<\/h3>\t\t\t\t<\/div>\n\t\t\t\t<\/div>\n\t\t\t\t<div class=\"elementor-element elementor-element-8dbb49f elementor-widget elementor-widget-theme-post-excerpt\" data-id=\"8dbb49f\" data-element_type=\"widget\" data-widget_type=\"theme-post-excerpt.default\">\n\t\t\t\t<div class=\"elementor-widget-container\">\n\t\t\t\t\tEn este apartado encontrar\u00e1s informes peri\u00f3dicos sobre el proyecto AlertaForestal.\t\t\t\t<\/div>\n\t\t\t\t<\/div>\n\t\t\t\t<\/div>\n\t\t\t\t\t<\/div>\n\t\t\t\t<\/div>\n\t\t\t\t<\/div>\n\t\t\t\t<\/div>\n\t\t\n\t\t\t\t\t\t<\/div>\n\t\t\t\t<\/div>\n\t\t\t\t<\/div>\n\t\t\t\t<\/div>\n\t\t","protected":false},"excerpt":{"rendered":"<p>Aqu\u00ed encontrar\u00e1s los resultados m\u00e1s relevantes que se deriven de tu participaci\u00f3n en la plataforma AlertaForestal<\/p>\n","protected":false},"author":1,"featured_media":0,"parent":0,"menu_order":0,"comment_status":"closed","ping_status":"closed","template":"","meta":{"footnotes":""},"class_list":["post-8282","page","type-page","status-publish","hentry"],"yoast_head":"<!-- This site is optimized with the Yoast SEO plugin v25.5 - https:\/\/yoast.com\/wordpress\/plugins\/seo\/ -->\n<title>Resultados - Alerta Forestal<\/title>\n<meta name=\"description\" content=\"Aqu\u00ed encontrar\u00e1s los resultados m\u00e1s relevantes que se deriven de tu participaci\u00f3n en la plataforma AlertaForestal\" \/>\n<meta name=\"robots\" content=\"index, follow, max-snippet:-1, max-image-preview:large, max-video-preview:-1\" \/>\n<link rel=\"canonical\" href=\"https:\/\/www.alertaforestal.com\/es\/resultados\/\" \/>\n<meta property=\"og:locale\" content=\"es_ES\" \/>\n<meta property=\"og:type\" content=\"article\" \/>\n<meta property=\"og:title\" content=\"Resultados - Alerta Forestal\" \/>\n<meta property=\"og:description\" content=\"Aqu\u00ed encontrar\u00e1s los resultados m\u00e1s relevantes que se deriven de tu participaci\u00f3n en la plataforma AlertaForestal\" \/>\n<meta property=\"og:url\" content=\"https:\/\/www.alertaforestal.com\/es\/resultados\/\" \/>\n<meta property=\"og:site_name\" content=\"Alerta Forestal\" \/>\n<meta property=\"article:modified_time\" content=\"2025-07-07T09:50:41+00:00\" \/>\n<meta name=\"twitter:card\" content=\"summary_large_image\" \/>\n<meta name=\"twitter:site\" content=\"@AlertaForestal\" \/>\n<script type=\"application\/ld+json\" class=\"yoast-schema-graph\">{\"@context\":\"https:\/\/schema.org\",\"@graph\":[{\"@type\":\"WebPage\",\"@id\":\"https:\/\/www.alertaforestal.com\/es\/resultados\/\",\"url\":\"https:\/\/www.alertaforestal.com\/es\/resultados\/\",\"name\":\"Resultados - Alerta Forestal\",\"isPartOf\":{\"@id\":\"https:\/\/www.alertaforestal.com\/es\/#website\"},\"datePublished\":\"2025-02-17T09:49:27+00:00\",\"dateModified\":\"2025-07-07T09:50:41+00:00\",\"description\":\"Aqu\u00ed encontrar\u00e1s los resultados m\u00e1s relevantes que se deriven de tu participaci\u00f3n en la plataforma AlertaForestal\",\"breadcrumb\":{\"@id\":\"https:\/\/www.alertaforestal.com\/es\/resultados\/#breadcrumb\"},\"inLanguage\":\"es\",\"potentialAction\":[{\"@type\":\"ReadAction\",\"target\":[\"https:\/\/www.alertaforestal.com\/es\/resultados\/\"]}]},{\"@type\":\"BreadcrumbList\",\"@id\":\"https:\/\/www.alertaforestal.com\/es\/resultados\/#breadcrumb\",\"itemListElement\":[{\"@type\":\"ListItem\",\"position\":1,\"name\":\"Inici\",\"item\":\"https:\/\/www.alertaforestal.com\/es\/\"},{\"@type\":\"ListItem\",\"position\":2,\"name\":\"Resultados\"}]},{\"@type\":\"WebSite\",\"@id\":\"https:\/\/www.alertaforestal.com\/es\/#website\",\"url\":\"https:\/\/www.alertaforestal.com\/es\/\",\"name\":\"AlertaForestal\",\"description\":\"\",\"publisher\":{\"@id\":\"https:\/\/www.alertaforestal.com\/es\/#organization\"},\"potentialAction\":[{\"@type\":\"SearchAction\",\"target\":{\"@type\":\"EntryPoint\",\"urlTemplate\":\"https:\/\/www.alertaforestal.com\/es\/?s={search_term_string}\"},\"query-input\":{\"@type\":\"PropertyValueSpecification\",\"valueRequired\":true,\"valueName\":\"search_term_string\"}}],\"inLanguage\":\"es\"},{\"@type\":\"Organization\",\"@id\":\"https:\/\/www.alertaforestal.com\/es\/#organization\",\"name\":\"AlertaForestal\",\"url\":\"https:\/\/www.alertaforestal.com\/es\/\",\"logo\":{\"@type\":\"ImageObject\",\"inLanguage\":\"es\",\"@id\":\"https:\/\/www.alertaforestal.com\/es\/#\/schema\/logo\/image\/\",\"url\":\"https:\/\/www.alertaforestal.com\/wp-content\/uploads\/2025\/02\/logo-alertaforestal2024-01.webp\",\"contentUrl\":\"https:\/\/www.alertaforestal.com\/wp-content\/uploads\/2025\/02\/logo-alertaforestal2024-01.webp\",\"width\":1920,\"height\":455,\"caption\":\"AlertaForestal\"},\"image\":{\"@id\":\"https:\/\/www.alertaforestal.com\/es\/#\/schema\/logo\/image\/\"},\"sameAs\":[\"https:\/\/x.com\/AlertaForestal\",\"https:\/\/www.instagram.com\/AlertaForestal\"]}]}<\/script>\n<!-- \/ Yoast SEO plugin. -->","yoast_head_json":{"title":"Resultados - Alerta Forestal","description":"Aqu\u00ed encontrar\u00e1s los resultados m\u00e1s relevantes que se deriven de tu participaci\u00f3n en la plataforma AlertaForestal","robots":{"index":"index","follow":"follow","max-snippet":"max-snippet:-1","max-image-preview":"max-image-preview:large","max-video-preview":"max-video-preview:-1"},"canonical":"https:\/\/www.alertaforestal.com\/es\/resultados\/","og_locale":"es_ES","og_type":"article","og_title":"Resultados - Alerta Forestal","og_description":"Aqu\u00ed encontrar\u00e1s los resultados m\u00e1s relevantes que se deriven de tu participaci\u00f3n en la plataforma AlertaForestal","og_url":"https:\/\/www.alertaforestal.com\/es\/resultados\/","og_site_name":"Alerta Forestal","article_modified_time":"2025-07-07T09:50:41+00:00","twitter_card":"summary_large_image","twitter_site":"@AlertaForestal","schema":{"@context":"https:\/\/schema.org","@graph":[{"@type":"WebPage","@id":"https:\/\/www.alertaforestal.com\/es\/resultados\/","url":"https:\/\/www.alertaforestal.com\/es\/resultados\/","name":"Resultados - Alerta Forestal","isPartOf":{"@id":"https:\/\/www.alertaforestal.com\/es\/#website"},"datePublished":"2025-02-17T09:49:27+00:00","dateModified":"2025-07-07T09:50:41+00:00","description":"Aqu\u00ed encontrar\u00e1s los resultados m\u00e1s relevantes que se deriven de tu participaci\u00f3n en la plataforma AlertaForestal","breadcrumb":{"@id":"https:\/\/www.alertaforestal.com\/es\/resultados\/#breadcrumb"},"inLanguage":"es","potentialAction":[{"@type":"ReadAction","target":["https:\/\/www.alertaforestal.com\/es\/resultados\/"]}]},{"@type":"BreadcrumbList","@id":"https:\/\/www.alertaforestal.com\/es\/resultados\/#breadcrumb","itemListElement":[{"@type":"ListItem","position":1,"name":"Inici","item":"https:\/\/www.alertaforestal.com\/es\/"},{"@type":"ListItem","position":2,"name":"Resultados"}]},{"@type":"WebSite","@id":"https:\/\/www.alertaforestal.com\/es\/#website","url":"https:\/\/www.alertaforestal.com\/es\/","name":"AlertaForestal","description":"","publisher":{"@id":"https:\/\/www.alertaforestal.com\/es\/#organization"},"potentialAction":[{"@type":"SearchAction","target":{"@type":"EntryPoint","urlTemplate":"https:\/\/www.alertaforestal.com\/es\/?s={search_term_string}"},"query-input":{"@type":"PropertyValueSpecification","valueRequired":true,"valueName":"search_term_string"}}],"inLanguage":"es"},{"@type":"Organization","@id":"https:\/\/www.alertaforestal.com\/es\/#organization","name":"AlertaForestal","url":"https:\/\/www.alertaforestal.com\/es\/","logo":{"@type":"ImageObject","inLanguage":"es","@id":"https:\/\/www.alertaforestal.com\/es\/#\/schema\/logo\/image\/","url":"https:\/\/www.alertaforestal.com\/wp-content\/uploads\/2025\/02\/logo-alertaforestal2024-01.webp","contentUrl":"https:\/\/www.alertaforestal.com\/wp-content\/uploads\/2025\/02\/logo-alertaforestal2024-01.webp","width":1920,"height":455,"caption":"AlertaForestal"},"image":{"@id":"https:\/\/www.alertaforestal.com\/es\/#\/schema\/logo\/image\/"},"sameAs":["https:\/\/x.com\/AlertaForestal","https:\/\/www.instagram.com\/AlertaForestal"]}]}},"_links":{"self":[{"href":"https:\/\/www.alertaforestal.com\/es\/wp-json\/wp\/v2\/pages\/8282","targetHints":{"allow":["GET"]}}],"collection":[{"href":"https:\/\/www.alertaforestal.com\/es\/wp-json\/wp\/v2\/pages"}],"about":[{"href":"https:\/\/www.alertaforestal.com\/es\/wp-json\/wp\/v2\/types\/page"}],"author":[{"embeddable":true,"href":"https:\/\/www.alertaforestal.com\/es\/wp-json\/wp\/v2\/users\/1"}],"replies":[{"embeddable":true,"href":"https:\/\/www.alertaforestal.com\/es\/wp-json\/wp\/v2\/comments?post=8282"}],"version-history":[{"count":0,"href":"https:\/\/www.alertaforestal.com\/es\/wp-json\/wp\/v2\/pages\/8282\/revisions"}],"wp:attachment":[{"href":"https:\/\/www.alertaforestal.com\/es\/wp-json\/wp\/v2\/media?parent=8282"}],"curies":[{"name":"wp","href":"https:\/\/api.w.org\/{rel}","templated":true}]}}