{"id":8266,"date":"2025-02-17T11:49:07","date_gmt":"2025-02-17T09:49:07","guid":{"rendered":"https:\/\/www.alertaforestal.com\/politica-de-privacidad\/"},"modified":"2025-04-25T17:09:34","modified_gmt":"2025-04-25T15:09:34","slug":"politica-de-privacidad","status":"publish","type":"page","link":"https:\/\/www.alertaforestal.com\/es\/politica-de-privacidad\/","title":{"rendered":"Pol\u00edtica de privacidad"},"content":{"rendered":"\t\t<div data-elementor-type=\"wp-page\" data-elementor-id=\"8266\" class=\"elementor elementor-8266 elementor-109\" data-elementor-post-type=\"page\">\n\t\t\t\t<div class=\"elementor-element elementor-element-a4fd02d e-con-full e-flex e-con e-parent\" data-id=\"a4fd02d\" data-element_type=\"container\" data-settings=\"{&quot;jet_parallax_layout_list&quot;:[]}\">\n\t\t<div class=\"elementor-element elementor-element-05c643f e-con-full e-flex e-con e-child\" data-id=\"05c643f\" data-element_type=\"container\" data-settings=\"{&quot;jet_parallax_layout_list&quot;:[]}\">\n\t\t\t\t<div class=\"elementor-element elementor-element-f29fbb7 elementor-widget elementor-widget-heading\" data-id=\"f29fbb7\" data-element_type=\"widget\" data-widget_type=\"heading.default\">\n\t\t\t\t<div class=\"elementor-widget-container\">\n\t\t\t\t\t<h1 class=\"elementor-heading-title elementor-size-default\">Pol\u00edtica de privacidad<\/h1>\t\t\t\t<\/div>\n\t\t\t\t<\/div>\n\t\t\t\t<\/div>\n\t\t\t\t<\/div>\n\t\t<div class=\"elementor-element elementor-element-31d0630 e-flex e-con-boxed e-con e-parent\" data-id=\"31d0630\" data-element_type=\"container\" data-settings=\"{&quot;jet_parallax_layout_list&quot;:[]}\">\n\t\t\t\t\t<div class=\"e-con-inner\">\n\t\t\t\t<div class=\"elementor-element elementor-element-8de53aa elementor-widget elementor-widget-text-editor\" data-id=\"8de53aa\" data-element_type=\"widget\" data-widget_type=\"text-editor.default\">\n\t\t\t\t<div class=\"elementor-widget-container\">\n\t\t\t\t\t\t\t\t\t<p>El proyecto Alerta Forestal (de ahora en adelante, el \u00abProyecto\u00bb, en cualquiera de los nombres que haya podido tener en el pasado o pueda adquirir en el futuro) recoge, entre otros, datos e im\u00e1genes compartidas por los voluntarios y los pone a disposici\u00f3n de terceras partes y del p\u00fablico general. Para proteger la privacidad de sus voluntarios, se evita en la medida de lo posible la recopilaci\u00f3n de informaci\u00f3n que pueda identificar de forma individual a una persona f\u00edsica determinada. Por un lado el Proyecto permite la participaci\u00f3n como usuario an\u00f3nimo y en este caso en el env\u00edo de datos y fotograf\u00edas, no se piden nombres, direcciones, contrase\u00f1as o cualquier otra informaci\u00f3n personal de los voluntarios. El Proyecto tambi\u00e9n permite la participaci\u00f3n como usuario registrado y en este caso se guarda, siguiendo los t\u00e9rminos legales de la legislaci\u00f3n vigente mencionados en el aviso legal del Proyecto, el nombre de usuario, un correo electr\u00f3nico y una contrase\u00f1a. Esta informaci\u00f3n se utilizar\u00e1 para que el participante pueda acceder al registro de sus observaciones y para poder enviar informaci\u00f3n relevante relativa al Proyecto, opcionalmente tambi\u00e9n se puede facilitar el municipio si el participante as\u00ed lo decide. S\u00ed se recogen las ubicaciones exactas de las observaciones ciudadanas durante el env\u00edo de las mismas, que pueden coincidir con la ubicaci\u00f3n exacta de los voluntarios en el momento del env\u00edo, pero esta informaci\u00f3n se vincula s\u00f3lo a un identificador de usuario an\u00f3nimo o el c\u00f3digo de usuario escogido por el voluntario. Los voluntarios pueden incluir observaciones y fotograf\u00edas en sus observaciones, pero es su responsabilidad no incluir en estas notas y fotograf\u00edas, cualquier informaci\u00f3n que deseen mantener en privado o cualquier informaci\u00f3n que viole los derechos de privacidad de los dem\u00e1s o sea incompatible con el acuerdo del usuario del Proyecto.<\/p><p>El Proyecto cuenta con mecanismos para evitar que los datos de car\u00e1cter personal que pudieran haber enviado los usuarios por error, a pesar de las medidas de anonimizaci\u00f3n, no sean compartidos con el p\u00fablico general. Sin embargo, si en alg\u00fan caso particular estas medidas no evitar\u00e1n, por error, la publicaci\u00f3n de un dato de car\u00e1cter personal, se anima a las personas que as\u00ed lo detecten a notificarlo a los responsables del Proyecto, para proceder a eliminar su aparici\u00f3n del espacio p\u00fablico si fuera posible. El Proyecto no puede garantizar la eliminaci\u00f3n de los datos de car\u00e1cter personal que puedan ser recopilados por el Proyecto a pesar de las medidas de anonimizaci\u00f3n, aunque \u00e9stos no sean visibles por los integrantes del Proyecto o por cualquiera de sus colaboradores o terceras personas con acceso al conjunto de los datos del proyecto.<\/p><p>Se advierte que en el caso de compartir sus observaciones (informes) en cualquier medio p\u00fablico, como por ejemplo en redes sociales, los voluntarios estar\u00edan relacionando sus observaciones con sus datos personales (ej. Cuenta personal en redes sociales), invalidando por decisi\u00f3n del propio voluntario, el hecho de que su participaci\u00f3n en el Proyecto permite ser an\u00f3nima.<\/p><p>La lista detallada de la informaci\u00f3n recopilada es la siguiente:<\/p><ul><li>Informes recogidos y enviados por los voluntarios en relaci\u00f3n al estado de salud de los bosques. Esto incluye la ubicaci\u00f3n precisa de las observaciones de los voluntarios, la fecha de la observaci\u00f3n y las fotograf\u00edas, comentarios o cualquier otra informaci\u00f3n que el voluntario a\u00f1ada al informe.<\/li><li>En el caso de que los usuarios se registren, el nombre de usuario, un correo electr\u00f3nico asociado y una contrase\u00f1a. Ninguna informaci\u00f3n de estas queda recogida si el usuario elige participar de forma an\u00f3nima.<\/li><\/ul>\t\t\t\t\t\t\t\t<\/div>\n\t\t\t\t<\/div>\n\t\t\t\t\t<\/div>\n\t\t\t\t<\/div>\n\t\t\t\t<\/div>\n\t\t","protected":false},"excerpt":{"rendered":"<p>El proyecto Alerta Forestal (de ahora en adelante, el \u00abProyecto\u00bb, en cualquiera de los nombres que haya podido tener en el pasado o pueda adquirir en el futuro) recoge, entre otros, datos e im\u00e1genes compartidas por los voluntarios y los pone a disposici\u00f3n de terceras partes y del p\u00fablico general. Para proteger la privacidad de [&hellip;]<\/p>\n","protected":false},"author":1,"featured_media":0,"parent":0,"menu_order":0,"comment_status":"closed","ping_status":"closed","template":"","meta":{"footnotes":""},"class_list":["post-8266","page","type-page","status-publish","hentry"],"yoast_head":"<!-- This site is optimized with the Yoast SEO plugin v25.5 - https:\/\/yoast.com\/wordpress\/plugins\/seo\/ -->\n<title>Pol\u00edtica de privacidad - Alerta Forestal<\/title>\n<meta name=\"description\" content=\"El proyecto Alerta Forestal (de ahora en adelante, el \u00abProyecto\u00bb, en cualquiera de los nombres que haya podido tener en el pasado o pueda adquirir en el\" \/>\n<meta name=\"robots\" content=\"index, follow, max-snippet:-1, max-image-preview:large, max-video-preview:-1\" \/>\n<link rel=\"canonical\" href=\"https:\/\/www.alertaforestal.com\/es\/politica-de-privacidad\/\" \/>\n<meta property=\"og:locale\" content=\"es_ES\" \/>\n<meta property=\"og:type\" content=\"article\" \/>\n<meta property=\"og:title\" content=\"Pol\u00edtica de privacidad - Alerta Forestal\" \/>\n<meta property=\"og:description\" content=\"El proyecto Alerta Forestal (de ahora en adelante, el \u00abProyecto\u00bb, en cualquiera de los nombres que haya podido tener en el pasado o pueda adquirir en el\" \/>\n<meta property=\"og:url\" content=\"https:\/\/www.alertaforestal.com\/es\/politica-de-privacidad\/\" \/>\n<meta property=\"og:site_name\" content=\"Alerta Forestal\" \/>\n<meta property=\"article:modified_time\" content=\"2025-04-25T15:09:34+00:00\" \/>\n<meta name=\"twitter:card\" content=\"summary_large_image\" \/>\n<meta name=\"twitter:site\" content=\"@AlertaForestal\" \/>\n<script type=\"application\/ld+json\" class=\"yoast-schema-graph\">{\"@context\":\"https:\/\/schema.org\",\"@graph\":[{\"@type\":\"WebPage\",\"@id\":\"https:\/\/www.alertaforestal.com\/es\/politica-de-privacidad\/\",\"url\":\"https:\/\/www.alertaforestal.com\/es\/politica-de-privacidad\/\",\"name\":\"Pol\u00edtica de privacidad - Alerta Forestal\",\"isPartOf\":{\"@id\":\"https:\/\/www.alertaforestal.com\/es\/#website\"},\"datePublished\":\"2025-02-17T09:49:07+00:00\",\"dateModified\":\"2025-04-25T15:09:34+00:00\",\"description\":\"El proyecto Alerta Forestal (de ahora en adelante, el \u00abProyecto\u00bb, en cualquiera de los nombres que haya podido tener en el pasado o pueda adquirir en el\",\"breadcrumb\":{\"@id\":\"https:\/\/www.alertaforestal.com\/es\/politica-de-privacidad\/#breadcrumb\"},\"inLanguage\":\"es\",\"potentialAction\":[{\"@type\":\"ReadAction\",\"target\":[\"https:\/\/www.alertaforestal.com\/es\/politica-de-privacidad\/\"]}]},{\"@type\":\"BreadcrumbList\",\"@id\":\"https:\/\/www.alertaforestal.com\/es\/politica-de-privacidad\/#breadcrumb\",\"itemListElement\":[{\"@type\":\"ListItem\",\"position\":1,\"name\":\"Inici\",\"item\":\"https:\/\/www.alertaforestal.com\/es\/\"},{\"@type\":\"ListItem\",\"position\":2,\"name\":\"Pol\u00edtica de privacidad\"}]},{\"@type\":\"WebSite\",\"@id\":\"https:\/\/www.alertaforestal.com\/es\/#website\",\"url\":\"https:\/\/www.alertaforestal.com\/es\/\",\"name\":\"AlertaForestal\",\"description\":\"\",\"publisher\":{\"@id\":\"https:\/\/www.alertaforestal.com\/es\/#organization\"},\"potentialAction\":[{\"@type\":\"SearchAction\",\"target\":{\"@type\":\"EntryPoint\",\"urlTemplate\":\"https:\/\/www.alertaforestal.com\/es\/?s={search_term_string}\"},\"query-input\":{\"@type\":\"PropertyValueSpecification\",\"valueRequired\":true,\"valueName\":\"search_term_string\"}}],\"inLanguage\":\"es\"},{\"@type\":\"Organization\",\"@id\":\"https:\/\/www.alertaforestal.com\/es\/#organization\",\"name\":\"AlertaForestal\",\"url\":\"https:\/\/www.alertaforestal.com\/es\/\",\"logo\":{\"@type\":\"ImageObject\",\"inLanguage\":\"es\",\"@id\":\"https:\/\/www.alertaforestal.com\/es\/#\/schema\/logo\/image\/\",\"url\":\"https:\/\/www.alertaforestal.com\/wp-content\/uploads\/2025\/02\/logo-alertaforestal2024-01.webp\",\"contentUrl\":\"https:\/\/www.alertaforestal.com\/wp-content\/uploads\/2025\/02\/logo-alertaforestal2024-01.webp\",\"width\":1920,\"height\":455,\"caption\":\"AlertaForestal\"},\"image\":{\"@id\":\"https:\/\/www.alertaforestal.com\/es\/#\/schema\/logo\/image\/\"},\"sameAs\":[\"https:\/\/x.com\/AlertaForestal\",\"https:\/\/www.instagram.com\/AlertaForestal\"]}]}<\/script>\n<!-- \/ Yoast SEO plugin. -->","yoast_head_json":{"title":"Pol\u00edtica de privacidad - Alerta Forestal","description":"El proyecto Alerta Forestal (de ahora en adelante, el \u00abProyecto\u00bb, en cualquiera de los nombres que haya podido tener en el pasado o pueda adquirir en el","robots":{"index":"index","follow":"follow","max-snippet":"max-snippet:-1","max-image-preview":"max-image-preview:large","max-video-preview":"max-video-preview:-1"},"canonical":"https:\/\/www.alertaforestal.com\/es\/politica-de-privacidad\/","og_locale":"es_ES","og_type":"article","og_title":"Pol\u00edtica de privacidad - Alerta Forestal","og_description":"El proyecto Alerta Forestal (de ahora en adelante, el \u00abProyecto\u00bb, en cualquiera de los nombres que haya podido tener en el pasado o pueda adquirir en el","og_url":"https:\/\/www.alertaforestal.com\/es\/politica-de-privacidad\/","og_site_name":"Alerta Forestal","article_modified_time":"2025-04-25T15:09:34+00:00","twitter_card":"summary_large_image","twitter_site":"@AlertaForestal","schema":{"@context":"https:\/\/schema.org","@graph":[{"@type":"WebPage","@id":"https:\/\/www.alertaforestal.com\/es\/politica-de-privacidad\/","url":"https:\/\/www.alertaforestal.com\/es\/politica-de-privacidad\/","name":"Pol\u00edtica de privacidad - Alerta Forestal","isPartOf":{"@id":"https:\/\/www.alertaforestal.com\/es\/#website"},"datePublished":"2025-02-17T09:49:07+00:00","dateModified":"2025-04-25T15:09:34+00:00","description":"El proyecto Alerta Forestal (de ahora en adelante, el \u00abProyecto\u00bb, en cualquiera de los nombres que haya podido tener en el pasado o pueda adquirir en el","breadcrumb":{"@id":"https:\/\/www.alertaforestal.com\/es\/politica-de-privacidad\/#breadcrumb"},"inLanguage":"es","potentialAction":[{"@type":"ReadAction","target":["https:\/\/www.alertaforestal.com\/es\/politica-de-privacidad\/"]}]},{"@type":"BreadcrumbList","@id":"https:\/\/www.alertaforestal.com\/es\/politica-de-privacidad\/#breadcrumb","itemListElement":[{"@type":"ListItem","position":1,"name":"Inici","item":"https:\/\/www.alertaforestal.com\/es\/"},{"@type":"ListItem","position":2,"name":"Pol\u00edtica de privacidad"}]},{"@type":"WebSite","@id":"https:\/\/www.alertaforestal.com\/es\/#website","url":"https:\/\/www.alertaforestal.com\/es\/","name":"AlertaForestal","description":"","publisher":{"@id":"https:\/\/www.alertaforestal.com\/es\/#organization"},"potentialAction":[{"@type":"SearchAction","target":{"@type":"EntryPoint","urlTemplate":"https:\/\/www.alertaforestal.com\/es\/?s={search_term_string}"},"query-input":{"@type":"PropertyValueSpecification","valueRequired":true,"valueName":"search_term_string"}}],"inLanguage":"es"},{"@type":"Organization","@id":"https:\/\/www.alertaforestal.com\/es\/#organization","name":"AlertaForestal","url":"https:\/\/www.alertaforestal.com\/es\/","logo":{"@type":"ImageObject","inLanguage":"es","@id":"https:\/\/www.alertaforestal.com\/es\/#\/schema\/logo\/image\/","url":"https:\/\/www.alertaforestal.com\/wp-content\/uploads\/2025\/02\/logo-alertaforestal2024-01.webp","contentUrl":"https:\/\/www.alertaforestal.com\/wp-content\/uploads\/2025\/02\/logo-alertaforestal2024-01.webp","width":1920,"height":455,"caption":"AlertaForestal"},"image":{"@id":"https:\/\/www.alertaforestal.com\/es\/#\/schema\/logo\/image\/"},"sameAs":["https:\/\/x.com\/AlertaForestal","https:\/\/www.instagram.com\/AlertaForestal"]}]}},"_links":{"self":[{"href":"https:\/\/www.alertaforestal.com\/es\/wp-json\/wp\/v2\/pages\/8266","targetHints":{"allow":["GET"]}}],"collection":[{"href":"https:\/\/www.alertaforestal.com\/es\/wp-json\/wp\/v2\/pages"}],"about":[{"href":"https:\/\/www.alertaforestal.com\/es\/wp-json\/wp\/v2\/types\/page"}],"author":[{"embeddable":true,"href":"https:\/\/www.alertaforestal.com\/es\/wp-json\/wp\/v2\/users\/1"}],"replies":[{"embeddable":true,"href":"https:\/\/www.alertaforestal.com\/es\/wp-json\/wp\/v2\/comments?post=8266"}],"version-history":[{"count":0,"href":"https:\/\/www.alertaforestal.com\/es\/wp-json\/wp\/v2\/pages\/8266\/revisions"}],"wp:attachment":[{"href":"https:\/\/www.alertaforestal.com\/es\/wp-json\/wp\/v2\/media?parent=8266"}],"curies":[{"name":"wp","href":"https:\/\/api.w.org\/{rel}","templated":true}]}}