{"id":8260,"date":"2025-02-17T11:47:58","date_gmt":"2025-02-17T09:47:58","guid":{"rendered":"https:\/\/www.alertaforestal.com\/politica-de-cookies\/"},"modified":"2025-07-24T09:34:09","modified_gmt":"2025-07-24T07:34:09","slug":"politica-de-cookies","status":"publish","type":"page","link":"https:\/\/www.alertaforestal.com\/es\/politica-de-cookies\/","title":{"rendered":"Pol\u00edtica de cookies"},"content":{"rendered":"\t\t<div data-elementor-type=\"wp-page\" data-elementor-id=\"8260\" class=\"elementor elementor-8260 elementor-105\" data-elementor-post-type=\"page\">\n\t\t\t\t<div class=\"elementor-element elementor-element-a81d453 e-con-full e-flex e-con e-parent\" data-id=\"a81d453\" data-element_type=\"container\" data-settings=\"{&quot;jet_parallax_layout_list&quot;:[]}\">\n\t\t<div class=\"elementor-element elementor-element-38661af e-con-full e-flex e-con e-child\" data-id=\"38661af\" data-element_type=\"container\" data-settings=\"{&quot;jet_parallax_layout_list&quot;:[]}\">\n\t\t\t\t<div class=\"elementor-element elementor-element-69c9ea8 elementor-widget elementor-widget-heading\" data-id=\"69c9ea8\" data-element_type=\"widget\" data-widget_type=\"heading.default\">\n\t\t\t\t<div class=\"elementor-widget-container\">\n\t\t\t\t\t<h1 class=\"elementor-heading-title elementor-size-default\">Pol\u00edtica de cookies<\/h1>\t\t\t\t<\/div>\n\t\t\t\t<\/div>\n\t\t\t\t<\/div>\n\t\t\t\t<\/div>\n\t\t<div class=\"elementor-element elementor-element-7ea8817 e-flex e-con-boxed e-con e-parent\" data-id=\"7ea8817\" data-element_type=\"container\" data-settings=\"{&quot;jet_parallax_layout_list&quot;:[]}\">\n\t\t\t\t\t<div class=\"e-con-inner\">\n\t\t\t\t<div class=\"elementor-element elementor-element-2f636dc elementor-widget elementor-widget-text-editor\" data-id=\"2f636dc\" data-element_type=\"widget\" data-widget_type=\"text-editor.default\">\n\t\t\t\t<div class=\"elementor-widget-container\">\n\t\t\t\t\t\t\t\t\tLa reciente modificaci\u00f3n normativa en materia de publicidad y gesti\u00f3n del consentimiento para la utilizaci\u00f3n de cookies y otros elementos de almacenaje de la informaci\u00f3n conlleva la obligaci\u00f3n por parte de los sitios web de adaptarse a la nueva normativa sobre cookies de la Ley 34\/2002, de servicios de la sociedad de la informaci\u00f3n y comercio electr\u00f3nico.\n\nLa descarga de este tipo de elementos supone la capacidad para registrar informaci\u00f3n de la actividad del usuario. Este hecho tiene implicaciones directas sobre la privacidad del usuario.\n\nPor este hecho, la nueva normativa impone la obligaci\u00f3n de obtener el consentimiento informado de los usuarios para aceptar la utilizaci\u00f3n de cookies en sitios web.\n<h3>\u00bfQu\u00e9 es una cookie?<\/h3>\nLas cookies son peque\u00f1os archivos que se descargan en tu ordenador cuando navegas por sitios web. Estos archivos permiten a un sitio web reconocer el navegador de un usuario y no contienen ni recopilan informaci\u00f3n. Se usan, por ejemplo, para mantener a un usuario autenticado en una cuenta (ya sea de correo, redes sociales, etc.) eliminando la necesidad de que el usuario se autentique cada vez que acceda a la cuenta.\n\nA alertaforestal.com usamos los tipos de cookies siguientes:\n\nCookies de primeras partes: son cookies estrictamente necesarias para el funcionamiento de WordPress, que es el gestor de contenidos sobre el que funciona alertaforestal.com. Permiten la interacci\u00f3n del usuario con el sitio web usando todas sus funciones.\n\nCookies de rendimiento y an\u00e1lisis: son cookies usadas para el an\u00e1lisis y estad\u00edsticas que mejoran la experiencia del sitio web. Mediante el uso de estas cookies se puede mostrar informaci\u00f3n m\u00e1s relevante a los visitantes del sitio.\n\nCookies del mapa de alertaforestal.com: el mapa de observaciones de bosques usa cookies para su funcionamiento. La pol\u00edtica de cookies, y una explicaci\u00f3n detallada puede encontrarse aqu\u00ed.\n\n<script type=\"text\/javascript\" charset=\"UTF-8\" data-cookiescriptreport=\"report\" src=\"\/\/report.cookie-script.com\/r\/f623b377092ce9d5dace4c9aa95b120a.js\"><\/script>\n\nEl objetivo es registrar estad\u00edsticas: el n\u00famero de visitas, el periodo de consultas, el buscador utilizado para acceder al sitio web, las palabras clave utilizadas, la ubicaci\u00f3n global del visitante, los contenidos consultados en el sitio web, as\u00ed como de otros par\u00e1metros de tr\u00e1fico del sitio web, siempre desde el anonimato.\n\nGoogle almacena la informaci\u00f3n recogida por las cookies de forma que no se identifica con ning\u00fan usuario. Tampoco se asocia la direcci\u00f3n IP con cualquier otra informaci\u00f3n de la que se disponga. dem\u00e1s, Google Inc. es una empresa que se encuentra adherida al Acuerdo de Puerto Seguro. Este acuerdo garantiza que los datos transferidos ser\u00e1n tratados conforme a los niveles de protecci\u00f3n de la normativa europea.\n\nSi das tu visto bueno al uso de cookies en este sitio web, se enviar\u00e1 una cookie adicional para recordar tu elecci\u00f3n y que no necesites aceptar el uso cada vez que accedas al sitio web alertaforestal.com.\n<h3>\u00bfC\u00f3mo puedo desactivar las cookies?<\/h3>\nTodos los navegadores permiten hacer cambios para desactivar el uso de cookies. Estas opciones de configuraci\u00f3n se encuentran ubicadas en \u00abopciones\u00bb o \u00abpreferencias\u00bb del men\u00fa de tu navegador. A continuaci\u00f3n te dejamos los enlaces con instrucciones para diferentes navegadores donde ver\u00e1s c\u00f3mo deshabilitar las cookies.\n\nRecuerda, sin embargo, que inhabilitar cookies implica perder funcionalidad en muchos sitios web.\t\t\t\t\t\t\t\t<\/div>\n\t\t\t\t<\/div>\n\t\t\t\t\t<\/div>\n\t\t\t\t<\/div>\n\t\t\t\t<\/div>\n\t\t","protected":false},"excerpt":{"rendered":"<p>La reciente modificaci\u00f3n normativa en materia de publicidad y gesti\u00f3n del consentimiento para la utilizaci\u00f3n de cookies y otros elementos de almacenaje de la informaci\u00f3n conlleva la obligaci\u00f3n por parte de los sitios web de adaptarse a la nueva normativa sobre cookies de la Ley 34\/2002, de servicios de la sociedad de la informaci\u00f3n y [&hellip;]<\/p>\n","protected":false},"author":1,"featured_media":0,"parent":0,"menu_order":0,"comment_status":"closed","ping_status":"closed","template":"","meta":{"footnotes":""},"class_list":["post-8260","page","type-page","status-publish","hentry"],"yoast_head":"<!-- This site is optimized with the Yoast SEO plugin v25.5 - https:\/\/yoast.com\/wordpress\/plugins\/seo\/ -->\n<title>Pol\u00edtica de cookies - Alerta Forestal<\/title>\n<meta name=\"description\" content=\"La reciente modificaci\u00f3n normativa en materia de publicidad y gesti\u00f3n del consentimiento para la utilizaci\u00f3n de cookies y otros elementos de almacenaje de\" \/>\n<meta name=\"robots\" content=\"index, follow, max-snippet:-1, max-image-preview:large, max-video-preview:-1\" \/>\n<link rel=\"canonical\" href=\"https:\/\/www.alertaforestal.com\/es\/politica-de-cookies\/\" \/>\n<meta property=\"og:locale\" content=\"es_ES\" \/>\n<meta property=\"og:type\" content=\"article\" \/>\n<meta property=\"og:title\" content=\"Pol\u00edtica de cookies - Alerta Forestal\" \/>\n<meta property=\"og:description\" content=\"La reciente modificaci\u00f3n normativa en materia de publicidad y gesti\u00f3n del consentimiento para la utilizaci\u00f3n de cookies y otros elementos de almacenaje de\" \/>\n<meta property=\"og:url\" content=\"https:\/\/www.alertaforestal.com\/es\/politica-de-cookies\/\" \/>\n<meta property=\"og:site_name\" content=\"Alerta Forestal\" \/>\n<meta property=\"article:modified_time\" content=\"2025-07-24T07:34:09+00:00\" \/>\n<meta name=\"twitter:card\" content=\"summary_large_image\" \/>\n<meta name=\"twitter:site\" content=\"@AlertaForestal\" \/>\n<script type=\"application\/ld+json\" class=\"yoast-schema-graph\">{\"@context\":\"https:\/\/schema.org\",\"@graph\":[{\"@type\":\"WebPage\",\"@id\":\"https:\/\/www.alertaforestal.com\/es\/politica-de-cookies\/\",\"url\":\"https:\/\/www.alertaforestal.com\/es\/politica-de-cookies\/\",\"name\":\"Pol\u00edtica de cookies - Alerta Forestal\",\"isPartOf\":{\"@id\":\"https:\/\/www.alertaforestal.com\/es\/#website\"},\"datePublished\":\"2025-02-17T09:47:58+00:00\",\"dateModified\":\"2025-07-24T07:34:09+00:00\",\"description\":\"La reciente modificaci\u00f3n normativa en materia de publicidad y gesti\u00f3n del consentimiento para la utilizaci\u00f3n de cookies y otros elementos de almacenaje de\",\"breadcrumb\":{\"@id\":\"https:\/\/www.alertaforestal.com\/es\/politica-de-cookies\/#breadcrumb\"},\"inLanguage\":\"es\",\"potentialAction\":[{\"@type\":\"ReadAction\",\"target\":[\"https:\/\/www.alertaforestal.com\/es\/politica-de-cookies\/\"]}]},{\"@type\":\"BreadcrumbList\",\"@id\":\"https:\/\/www.alertaforestal.com\/es\/politica-de-cookies\/#breadcrumb\",\"itemListElement\":[{\"@type\":\"ListItem\",\"position\":1,\"name\":\"Inici\",\"item\":\"https:\/\/www.alertaforestal.com\/es\/\"},{\"@type\":\"ListItem\",\"position\":2,\"name\":\"Pol\u00edtica de cookies\"}]},{\"@type\":\"WebSite\",\"@id\":\"https:\/\/www.alertaforestal.com\/es\/#website\",\"url\":\"https:\/\/www.alertaforestal.com\/es\/\",\"name\":\"AlertaForestal\",\"description\":\"\",\"publisher\":{\"@id\":\"https:\/\/www.alertaforestal.com\/es\/#organization\"},\"potentialAction\":[{\"@type\":\"SearchAction\",\"target\":{\"@type\":\"EntryPoint\",\"urlTemplate\":\"https:\/\/www.alertaforestal.com\/es\/?s={search_term_string}\"},\"query-input\":{\"@type\":\"PropertyValueSpecification\",\"valueRequired\":true,\"valueName\":\"search_term_string\"}}],\"inLanguage\":\"es\"},{\"@type\":\"Organization\",\"@id\":\"https:\/\/www.alertaforestal.com\/es\/#organization\",\"name\":\"AlertaForestal\",\"url\":\"https:\/\/www.alertaforestal.com\/es\/\",\"logo\":{\"@type\":\"ImageObject\",\"inLanguage\":\"es\",\"@id\":\"https:\/\/www.alertaforestal.com\/es\/#\/schema\/logo\/image\/\",\"url\":\"https:\/\/www.alertaforestal.com\/wp-content\/uploads\/2025\/02\/logo-alertaforestal2024-01.webp\",\"contentUrl\":\"https:\/\/www.alertaforestal.com\/wp-content\/uploads\/2025\/02\/logo-alertaforestal2024-01.webp\",\"width\":1920,\"height\":455,\"caption\":\"AlertaForestal\"},\"image\":{\"@id\":\"https:\/\/www.alertaforestal.com\/es\/#\/schema\/logo\/image\/\"},\"sameAs\":[\"https:\/\/x.com\/AlertaForestal\",\"https:\/\/www.instagram.com\/AlertaForestal\"]}]}<\/script>\n<!-- \/ Yoast SEO plugin. -->","yoast_head_json":{"title":"Pol\u00edtica de cookies - Alerta Forestal","description":"La reciente modificaci\u00f3n normativa en materia de publicidad y gesti\u00f3n del consentimiento para la utilizaci\u00f3n de cookies y otros elementos de almacenaje de","robots":{"index":"index","follow":"follow","max-snippet":"max-snippet:-1","max-image-preview":"max-image-preview:large","max-video-preview":"max-video-preview:-1"},"canonical":"https:\/\/www.alertaforestal.com\/es\/politica-de-cookies\/","og_locale":"es_ES","og_type":"article","og_title":"Pol\u00edtica de cookies - Alerta Forestal","og_description":"La reciente modificaci\u00f3n normativa en materia de publicidad y gesti\u00f3n del consentimiento para la utilizaci\u00f3n de cookies y otros elementos de almacenaje de","og_url":"https:\/\/www.alertaforestal.com\/es\/politica-de-cookies\/","og_site_name":"Alerta Forestal","article_modified_time":"2025-07-24T07:34:09+00:00","twitter_card":"summary_large_image","twitter_site":"@AlertaForestal","schema":{"@context":"https:\/\/schema.org","@graph":[{"@type":"WebPage","@id":"https:\/\/www.alertaforestal.com\/es\/politica-de-cookies\/","url":"https:\/\/www.alertaforestal.com\/es\/politica-de-cookies\/","name":"Pol\u00edtica de cookies - Alerta Forestal","isPartOf":{"@id":"https:\/\/www.alertaforestal.com\/es\/#website"},"datePublished":"2025-02-17T09:47:58+00:00","dateModified":"2025-07-24T07:34:09+00:00","description":"La reciente modificaci\u00f3n normativa en materia de publicidad y gesti\u00f3n del consentimiento para la utilizaci\u00f3n de cookies y otros elementos de almacenaje de","breadcrumb":{"@id":"https:\/\/www.alertaforestal.com\/es\/politica-de-cookies\/#breadcrumb"},"inLanguage":"es","potentialAction":[{"@type":"ReadAction","target":["https:\/\/www.alertaforestal.com\/es\/politica-de-cookies\/"]}]},{"@type":"BreadcrumbList","@id":"https:\/\/www.alertaforestal.com\/es\/politica-de-cookies\/#breadcrumb","itemListElement":[{"@type":"ListItem","position":1,"name":"Inici","item":"https:\/\/www.alertaforestal.com\/es\/"},{"@type":"ListItem","position":2,"name":"Pol\u00edtica de cookies"}]},{"@type":"WebSite","@id":"https:\/\/www.alertaforestal.com\/es\/#website","url":"https:\/\/www.alertaforestal.com\/es\/","name":"AlertaForestal","description":"","publisher":{"@id":"https:\/\/www.alertaforestal.com\/es\/#organization"},"potentialAction":[{"@type":"SearchAction","target":{"@type":"EntryPoint","urlTemplate":"https:\/\/www.alertaforestal.com\/es\/?s={search_term_string}"},"query-input":{"@type":"PropertyValueSpecification","valueRequired":true,"valueName":"search_term_string"}}],"inLanguage":"es"},{"@type":"Organization","@id":"https:\/\/www.alertaforestal.com\/es\/#organization","name":"AlertaForestal","url":"https:\/\/www.alertaforestal.com\/es\/","logo":{"@type":"ImageObject","inLanguage":"es","@id":"https:\/\/www.alertaforestal.com\/es\/#\/schema\/logo\/image\/","url":"https:\/\/www.alertaforestal.com\/wp-content\/uploads\/2025\/02\/logo-alertaforestal2024-01.webp","contentUrl":"https:\/\/www.alertaforestal.com\/wp-content\/uploads\/2025\/02\/logo-alertaforestal2024-01.webp","width":1920,"height":455,"caption":"AlertaForestal"},"image":{"@id":"https:\/\/www.alertaforestal.com\/es\/#\/schema\/logo\/image\/"},"sameAs":["https:\/\/x.com\/AlertaForestal","https:\/\/www.instagram.com\/AlertaForestal"]}]}},"_links":{"self":[{"href":"https:\/\/www.alertaforestal.com\/es\/wp-json\/wp\/v2\/pages\/8260","targetHints":{"allow":["GET"]}}],"collection":[{"href":"https:\/\/www.alertaforestal.com\/es\/wp-json\/wp\/v2\/pages"}],"about":[{"href":"https:\/\/www.alertaforestal.com\/es\/wp-json\/wp\/v2\/types\/page"}],"author":[{"embeddable":true,"href":"https:\/\/www.alertaforestal.com\/es\/wp-json\/wp\/v2\/users\/1"}],"replies":[{"embeddable":true,"href":"https:\/\/www.alertaforestal.com\/es\/wp-json\/wp\/v2\/comments?post=8260"}],"version-history":[{"count":0,"href":"https:\/\/www.alertaforestal.com\/es\/wp-json\/wp\/v2\/pages\/8260\/revisions"}],"wp:attachment":[{"href":"https:\/\/www.alertaforestal.com\/es\/wp-json\/wp\/v2\/media?parent=8260"}],"curies":[{"name":"wp","href":"https:\/\/api.w.org\/{rel}","templated":true}]}}