{"id":8252,"date":"2025-02-17T11:46:40","date_gmt":"2025-02-17T09:46:40","guid":{"rendered":"https:\/\/www.alertaforestal.com\/aviso-legal\/"},"modified":"2025-04-25T16:50:57","modified_gmt":"2025-04-25T14:50:57","slug":"aviso-legal","status":"publish","type":"page","link":"https:\/\/www.alertaforestal.com\/es\/aviso-legal\/","title":{"rendered":"Aviso legal"},"content":{"rendered":"\t\t<div data-elementor-type=\"wp-page\" data-elementor-id=\"8252\" class=\"elementor elementor-8252 elementor-91\" data-elementor-post-type=\"page\">\n\t\t\t\t<div class=\"elementor-element elementor-element-b97ce01 e-con-full e-flex e-con e-parent\" data-id=\"b97ce01\" data-element_type=\"container\" data-settings=\"{&quot;jet_parallax_layout_list&quot;:[]}\">\n\t\t<div class=\"elementor-element elementor-element-ca75d21 e-con-full e-flex e-con e-child\" data-id=\"ca75d21\" data-element_type=\"container\" data-settings=\"{&quot;jet_parallax_layout_list&quot;:[]}\">\n\t\t\t\t<div class=\"elementor-element elementor-element-d5b4cca elementor-widget elementor-widget-heading\" data-id=\"d5b4cca\" data-element_type=\"widget\" data-widget_type=\"heading.default\">\n\t\t\t\t<div class=\"elementor-widget-container\">\n\t\t\t\t\t<h1 class=\"elementor-heading-title elementor-size-default\">Aviso legal<\/h1>\t\t\t\t<\/div>\n\t\t\t\t<\/div>\n\t\t\t\t<\/div>\n\t\t\t\t<\/div>\n\t\t<div class=\"elementor-element elementor-element-7cb0de4 e-flex e-con-boxed e-con e-parent\" data-id=\"7cb0de4\" data-element_type=\"container\" data-settings=\"{&quot;jet_parallax_layout_list&quot;:[]}\">\n\t\t\t\t\t<div class=\"e-con-inner\">\n\t\t\t\t<div class=\"elementor-element elementor-element-2cf98d5 elementor-widget elementor-widget-text-editor\" data-id=\"2cf98d5\" data-element_type=\"widget\" data-widget_type=\"text-editor.default\">\n\t\t\t\t<div class=\"elementor-widget-container\">\n\t\t\t\t\t\t\t\t\t<h2>Condiciones generales del uso del portal alertaforestal.com<\/h2><p>El CREAF le informa de que el acceso y uso de la p\u00e1gina web www.alertaforestal.com y todos los subdominios y directorios incluidos bajo la misma (en adelante, conjuntamente denominados como el Portal) est\u00e1n sujetos a los t\u00e9rminos que se detallan en este aviso legal, sin perjuicio de que el acceso a alguno de dichos servicios o contenidos puedan requerir la aceptaci\u00f3n de unas condiciones generales adicionales.<\/p><p>El CREAF se reserva el derecho a realizar cambios en el Portal sin previo aviso, con el objeto de actualizar, corregir, modificar, a\u00f1adir o eliminar los contenidos o el dise\u00f1o. Debido a que la actualizaci\u00f3n de la informaci\u00f3n no es inmediata, le sugerimos que compruebe siempre la vigencia y exactitud de la informaci\u00f3n, servicios y contenidos presentados. Asimismo, las condiciones y t\u00e9rminos que se recogen en el presente Aviso pueden variar, por lo que le invitamos a revisar estos t\u00e9rminos cuando visite de nuevo el Portal.<\/p><h3>Derechos de propiedad intelectual y de propiedad industrial<\/h3><p>Tanto el dise\u00f1o del Portal y sus c\u00f3digos fuente, como los logos, marcas y otros signos distintivos que aparecen en el mismo, pertenecen al CREAF o entidades colaboradoras y est\u00e1n protegidos por los correspondientes derechos de propiedad intelectual e industrial.<\/p><p>La informaci\u00f3n disponible en este sitio web, salvo indicaci\u00f3n expresa en sentido contrario, es susceptible de reutilizaci\u00f3n; quedando autorizada su reproducci\u00f3n total o parcial, modificaci\u00f3n, distribuci\u00f3n y comunicaci\u00f3n, para usos comerciales y no comerciales, con sujeci\u00f3n a las siguientes condiciones:<\/p><ul><li>Queda prohibida, en cualquier circunstancia, la desnaturalizaci\u00f3n del contenido de la informaci\u00f3n.<\/li><li>El usuario queda obligado a mencionar la fuente de los documentos objeto de la reutilizaci\u00f3n.<\/li><li>El usuario queda obligado a mencionar la fecha de la \u00faltima actualizaci\u00f3n de los documentos objeto de la reutilizaci\u00f3n.<\/li><li>Las im\u00e1genes de este portal pueden estar sujetas a derechos de autor o de otros derechos y condiciones de utilizaci\u00f3n. Consultar con el equipo coordinador del proyecto antes de utilizarlas.<\/li><\/ul><p><br>El CREAF declara su respeto a los derechos de propiedad intelectual e industrial de terceros; por ello, si considera que este sitio pudiera estar violando sus derechos, rogamos se ponga en contacto con el CREAF.<\/p><h3>Links o hiperenlaces<\/h3><p>Los usuarios que se propongan establecer un enlace entre su p\u00e1gina web y este Portal o cualquier otro d del CREAF deber\u00e1n tener en cuenta lo siguiente:<\/p><ol><li>El establecimiento del hiperenlace no implica, en ning\u00fan caso, la existencia de relaciones entre el CREAF y el propietario de la p\u00e1gina web, ni la aceptaci\u00f3n y aprobaci\u00f3n por parte del CREAF de sus contenidos o servicios. Por tanto, no se declarar\u00e1 ni se dar\u00e1 a entender que el CREAF ha autorizado expresamente el hiperenlace, ni que ha supervisado o asumido los contenidos y servicios ofrecidos o puestos a disposici\u00f3n en esta p\u00e1gina web.<\/li><li>El CREAF no se responsabiliza, de ninguna manera, ni garantiza la calidad, exactitud, fiabilidad, correcci\u00f3n o moralidad de contenidos o servicios que el establecimiento del hiperenlace pueda ofrecer. El usuario asume bajo su exclusiva responsabilidad las consecuencias, da\u00f1os o acciones que pudieran derivarse del acceso a la p\u00e1gina web del hiperenlace.<\/li><li>La p\u00e1gina web en la que se establezca el hiperenlace no podr\u00e1 contener ninguna marca, denominaci\u00f3n, logotipo, eslogan u otros signos distintivos pertenecientes al CREAF, excepto aquellos signos que formen parte del mismo hiperenlace.<\/li><li>La p\u00e1gina web en la que se establezca el hiperenlace no contendr\u00e1 informaciones con contenidos il\u00edcitos, contrarios a la moral y a las buenas costumbres generalmente aceptadas y al orden p\u00fablico, as\u00ed como tampoco contendr\u00e1 contenidos contrarios a derechos de terceros.<\/li><\/ol><h3><br>Frames<\/h3><p>El CREAF proh\u00edbe expresamente la realizaci\u00f3n de entramados (framings) o la utilizaci\u00f3n por parte de terceros de cualesquiera otros mecanismos que alteren el dise\u00f1o, configuraci\u00f3n original o contenidos de su Portal.<\/p><h3>Privacidad<\/h3><p>El CREAF es la entidad responsable del fichero de datos generado con los datos de car\u00e1cter personal suministrados por los usuarios del portal www.alertaforestal.com.<\/p><p>De acuerdo con la Ley Org\u00e1nica 15\/1999 de 13 de diciembre de Protecci\u00f3n de Datos de Car\u00e1cter Personal, el CREAF se compromete a cumplir su obligaci\u00f3n de secreto respecto a los datos de car\u00e1cter personal y al deber de tratarlos con confidencialidad. A estos efectos, adoptar\u00e1 las medidas necesarias para evitar su alteraci\u00f3n, p\u00e9rdida, tratamiento o acceso no autorizado.<\/p><p>La recogida y tratamiento automatizado de los datos personales tiene como finalidad la gesti\u00f3n, prestaci\u00f3n, ampliaci\u00f3n y mejora de los servicios solicitados en cada momento por el usuario y el seguimiento de consultas planteadas por los usuarios.<\/p><p>El usuario podr\u00e1 ejercitar en todo momento los derechos de acceso, rectificaci\u00f3n, cancelaci\u00f3n u oposici\u00f3n, dirigi\u00e9ndose al CREAF a la direcci\u00f3n CAMPUS UAB. Edificio C. 08193 BELLATERRA por escrito, acompa\u00f1ando fotocopia de D.N.I. en la direcci\u00f3n anteriormente indicada.<\/p><p>El CREAF mantiene los niveles de protecci\u00f3n de sus datos personales conforme al REAL DECRETO 1720\/2007, de 21 de diciembre, por el que se aprueba el Reglamento de desarrollo de la Ley Org\u00e1nica 15\/1999, de 13 de diciembre, de protecci\u00f3n de datos de car\u00e1cter personal, y ha establecido todos los medios t\u00e9cnicos a su alcance para evitar la p\u00e9rdida, mal uso, alteraci\u00f3n, acceso no autorizado y robo de los datos que los ciudadanos faciliten el CREAF, sin perjuicio de que las medidas de seguridad en Internet no sean inexpugnables.<\/p><p>EL CREAF se reserva la facultad de modificar esta Pol\u00edtica de Privacidad para adaptarla a las novedades legislativas, jurisprudenciales o de interpretaci\u00f3n de la Agencia Espa\u00f1ola de Protecci\u00f3n de Datos. En este caso, el CREAF anunciar\u00e1 dichos cambios, indicando claramente y con la debida antelaci\u00f3n las modificaciones efectuadas, y solicitando, en caso de que se considere necesario, la aceptaci\u00f3n de los mismos.<\/p><h3>Ley aplicable y jurisdicci\u00f3n<\/h3><p>La ley aplicable en caso de disputa o conflicto de interpretaci\u00f3n de los t\u00e9rminos que conforman este Aviso Legal, as\u00ed como cualquier cuesti\u00f3n relacionada con los servicios de este Portal, ser\u00e1 la ley espa\u00f1ola. Para la resoluci\u00f3n de cualquier conflicto que pueda surgir con ocasi\u00f3n de la visita al Portal o del uso de los servicios que en \u00e9l se puedan ofrecer, el CREAF y el usuario acuerdan someterse a los jueces y tribunales del domicilio del usuario, siempre que el mismo est\u00e9 situado en territorio espa\u00f1ol.<\/p>\t\t\t\t\t\t\t\t<\/div>\n\t\t\t\t<\/div>\n\t\t\t\t\t<\/div>\n\t\t\t\t<\/div>\n\t\t\t\t<\/div>\n\t\t","protected":false},"excerpt":{"rendered":"<p>Condiciones generales del uso del portal alertaforestal.com El CREAF le informa de que el acceso y uso de la p\u00e1gina web www.alertaforestal.com y todos los subdominios y directorios incluidos bajo la misma (en adelante, conjuntamente denominados como el Portal) est\u00e1n sujetos a los t\u00e9rminos que se detallan en este aviso legal, sin perjuicio de que [&hellip;]<\/p>\n","protected":false},"author":1,"featured_media":0,"parent":0,"menu_order":0,"comment_status":"closed","ping_status":"closed","template":"","meta":{"footnotes":""},"class_list":["post-8252","page","type-page","status-publish","hentry"],"yoast_head":"<!-- This site is optimized with the Yoast SEO plugin v25.5 - https:\/\/yoast.com\/wordpress\/plugins\/seo\/ -->\n<title>Aviso legal - Alerta Forestal<\/title>\n<meta name=\"description\" content=\"Condiciones generales del uso del portal alertaforestal.comEl CREAF le informa de que el acceso y uso de la p\u00e1gina web www.alertaforestal.com y todos los\" \/>\n<meta name=\"robots\" content=\"index, follow, max-snippet:-1, max-image-preview:large, max-video-preview:-1\" \/>\n<link rel=\"canonical\" href=\"https:\/\/www.alertaforestal.com\/es\/aviso-legal\/\" \/>\n<meta property=\"og:locale\" content=\"es_ES\" \/>\n<meta property=\"og:type\" content=\"article\" \/>\n<meta property=\"og:title\" content=\"Aviso legal - Alerta Forestal\" \/>\n<meta property=\"og:description\" content=\"Condiciones generales del uso del portal alertaforestal.comEl CREAF le informa de que el acceso y uso de la p\u00e1gina web www.alertaforestal.com y todos los\" \/>\n<meta property=\"og:url\" content=\"https:\/\/www.alertaforestal.com\/es\/aviso-legal\/\" \/>\n<meta property=\"og:site_name\" content=\"Alerta Forestal\" \/>\n<meta property=\"article:modified_time\" content=\"2025-04-25T14:50:57+00:00\" \/>\n<meta name=\"twitter:card\" content=\"summary_large_image\" \/>\n<meta name=\"twitter:site\" content=\"@AlertaForestal\" \/>\n<script type=\"application\/ld+json\" class=\"yoast-schema-graph\">{\"@context\":\"https:\/\/schema.org\",\"@graph\":[{\"@type\":\"WebPage\",\"@id\":\"https:\/\/www.alertaforestal.com\/es\/aviso-legal\/\",\"url\":\"https:\/\/www.alertaforestal.com\/es\/aviso-legal\/\",\"name\":\"Aviso legal - Alerta Forestal\",\"isPartOf\":{\"@id\":\"https:\/\/www.alertaforestal.com\/es\/#website\"},\"datePublished\":\"2025-02-17T09:46:40+00:00\",\"dateModified\":\"2025-04-25T14:50:57+00:00\",\"description\":\"Condiciones generales del uso del portal alertaforestal.comEl CREAF le informa de que el acceso y uso de la p\u00e1gina web www.alertaforestal.com y todos los\",\"breadcrumb\":{\"@id\":\"https:\/\/www.alertaforestal.com\/es\/aviso-legal\/#breadcrumb\"},\"inLanguage\":\"es\",\"potentialAction\":[{\"@type\":\"ReadAction\",\"target\":[\"https:\/\/www.alertaforestal.com\/es\/aviso-legal\/\"]}]},{\"@type\":\"BreadcrumbList\",\"@id\":\"https:\/\/www.alertaforestal.com\/es\/aviso-legal\/#breadcrumb\",\"itemListElement\":[{\"@type\":\"ListItem\",\"position\":1,\"name\":\"Inici\",\"item\":\"https:\/\/www.alertaforestal.com\/es\/\"},{\"@type\":\"ListItem\",\"position\":2,\"name\":\"Aviso legal\"}]},{\"@type\":\"WebSite\",\"@id\":\"https:\/\/www.alertaforestal.com\/es\/#website\",\"url\":\"https:\/\/www.alertaforestal.com\/es\/\",\"name\":\"AlertaForestal\",\"description\":\"\",\"publisher\":{\"@id\":\"https:\/\/www.alertaforestal.com\/es\/#organization\"},\"potentialAction\":[{\"@type\":\"SearchAction\",\"target\":{\"@type\":\"EntryPoint\",\"urlTemplate\":\"https:\/\/www.alertaforestal.com\/es\/?s={search_term_string}\"},\"query-input\":{\"@type\":\"PropertyValueSpecification\",\"valueRequired\":true,\"valueName\":\"search_term_string\"}}],\"inLanguage\":\"es\"},{\"@type\":\"Organization\",\"@id\":\"https:\/\/www.alertaforestal.com\/es\/#organization\",\"name\":\"AlertaForestal\",\"url\":\"https:\/\/www.alertaforestal.com\/es\/\",\"logo\":{\"@type\":\"ImageObject\",\"inLanguage\":\"es\",\"@id\":\"https:\/\/www.alertaforestal.com\/es\/#\/schema\/logo\/image\/\",\"url\":\"https:\/\/www.alertaforestal.com\/wp-content\/uploads\/2025\/02\/logo-alertaforestal2024-01.webp\",\"contentUrl\":\"https:\/\/www.alertaforestal.com\/wp-content\/uploads\/2025\/02\/logo-alertaforestal2024-01.webp\",\"width\":1920,\"height\":455,\"caption\":\"AlertaForestal\"},\"image\":{\"@id\":\"https:\/\/www.alertaforestal.com\/es\/#\/schema\/logo\/image\/\"},\"sameAs\":[\"https:\/\/x.com\/AlertaForestal\",\"https:\/\/www.instagram.com\/AlertaForestal\"]}]}<\/script>\n<!-- \/ Yoast SEO plugin. -->","yoast_head_json":{"title":"Aviso legal - Alerta Forestal","description":"Condiciones generales del uso del portal alertaforestal.comEl CREAF le informa de que el acceso y uso de la p\u00e1gina web www.alertaforestal.com y todos los","robots":{"index":"index","follow":"follow","max-snippet":"max-snippet:-1","max-image-preview":"max-image-preview:large","max-video-preview":"max-video-preview:-1"},"canonical":"https:\/\/www.alertaforestal.com\/es\/aviso-legal\/","og_locale":"es_ES","og_type":"article","og_title":"Aviso legal - Alerta Forestal","og_description":"Condiciones generales del uso del portal alertaforestal.comEl CREAF le informa de que el acceso y uso de la p\u00e1gina web www.alertaforestal.com y todos los","og_url":"https:\/\/www.alertaforestal.com\/es\/aviso-legal\/","og_site_name":"Alerta Forestal","article_modified_time":"2025-04-25T14:50:57+00:00","twitter_card":"summary_large_image","twitter_site":"@AlertaForestal","schema":{"@context":"https:\/\/schema.org","@graph":[{"@type":"WebPage","@id":"https:\/\/www.alertaforestal.com\/es\/aviso-legal\/","url":"https:\/\/www.alertaforestal.com\/es\/aviso-legal\/","name":"Aviso legal - Alerta Forestal","isPartOf":{"@id":"https:\/\/www.alertaforestal.com\/es\/#website"},"datePublished":"2025-02-17T09:46:40+00:00","dateModified":"2025-04-25T14:50:57+00:00","description":"Condiciones generales del uso del portal alertaforestal.comEl CREAF le informa de que el acceso y uso de la p\u00e1gina web www.alertaforestal.com y todos los","breadcrumb":{"@id":"https:\/\/www.alertaforestal.com\/es\/aviso-legal\/#breadcrumb"},"inLanguage":"es","potentialAction":[{"@type":"ReadAction","target":["https:\/\/www.alertaforestal.com\/es\/aviso-legal\/"]}]},{"@type":"BreadcrumbList","@id":"https:\/\/www.alertaforestal.com\/es\/aviso-legal\/#breadcrumb","itemListElement":[{"@type":"ListItem","position":1,"name":"Inici","item":"https:\/\/www.alertaforestal.com\/es\/"},{"@type":"ListItem","position":2,"name":"Aviso legal"}]},{"@type":"WebSite","@id":"https:\/\/www.alertaforestal.com\/es\/#website","url":"https:\/\/www.alertaforestal.com\/es\/","name":"AlertaForestal","description":"","publisher":{"@id":"https:\/\/www.alertaforestal.com\/es\/#organization"},"potentialAction":[{"@type":"SearchAction","target":{"@type":"EntryPoint","urlTemplate":"https:\/\/www.alertaforestal.com\/es\/?s={search_term_string}"},"query-input":{"@type":"PropertyValueSpecification","valueRequired":true,"valueName":"search_term_string"}}],"inLanguage":"es"},{"@type":"Organization","@id":"https:\/\/www.alertaforestal.com\/es\/#organization","name":"AlertaForestal","url":"https:\/\/www.alertaforestal.com\/es\/","logo":{"@type":"ImageObject","inLanguage":"es","@id":"https:\/\/www.alertaforestal.com\/es\/#\/schema\/logo\/image\/","url":"https:\/\/www.alertaforestal.com\/wp-content\/uploads\/2025\/02\/logo-alertaforestal2024-01.webp","contentUrl":"https:\/\/www.alertaforestal.com\/wp-content\/uploads\/2025\/02\/logo-alertaforestal2024-01.webp","width":1920,"height":455,"caption":"AlertaForestal"},"image":{"@id":"https:\/\/www.alertaforestal.com\/es\/#\/schema\/logo\/image\/"},"sameAs":["https:\/\/x.com\/AlertaForestal","https:\/\/www.instagram.com\/AlertaForestal"]}]}},"_links":{"self":[{"href":"https:\/\/www.alertaforestal.com\/es\/wp-json\/wp\/v2\/pages\/8252","targetHints":{"allow":["GET"]}}],"collection":[{"href":"https:\/\/www.alertaforestal.com\/es\/wp-json\/wp\/v2\/pages"}],"about":[{"href":"https:\/\/www.alertaforestal.com\/es\/wp-json\/wp\/v2\/types\/page"}],"author":[{"embeddable":true,"href":"https:\/\/www.alertaforestal.com\/es\/wp-json\/wp\/v2\/users\/1"}],"replies":[{"embeddable":true,"href":"https:\/\/www.alertaforestal.com\/es\/wp-json\/wp\/v2\/comments?post=8252"}],"version-history":[{"count":0,"href":"https:\/\/www.alertaforestal.com\/es\/wp-json\/wp\/v2\/pages\/8252\/revisions"}],"wp:attachment":[{"href":"https:\/\/www.alertaforestal.com\/es\/wp-json\/wp\/v2\/media?parent=8252"}],"curies":[{"name":"wp","href":"https:\/\/api.w.org\/{rel}","templated":true}]}}