{"id":7802,"date":"2025-02-17T11:46:00","date_gmt":"2025-02-17T09:46:00","guid":{"rendered":"https:\/\/www.alertaforestal.com\/acuerdo-de-usuario\/"},"modified":"2025-04-25T11:03:04","modified_gmt":"2025-04-25T09:03:04","slug":"acuerdo-de-usuario","status":"publish","type":"page","link":"https:\/\/www.alertaforestal.com\/es\/acuerdo-de-usuario\/","title":{"rendered":"Acuerdo de usuario"},"content":{"rendered":"\t\t<div data-elementor-type=\"wp-page\" data-elementor-id=\"7802\" class=\"elementor elementor-7802 elementor-83\" data-elementor-post-type=\"page\">\n\t\t\t\t<div class=\"elementor-element elementor-element-611a054 e-con-full e-flex e-con e-parent\" data-id=\"611a054\" data-element_type=\"container\" data-settings=\"{&quot;jet_parallax_layout_list&quot;:[]}\">\n\t\t<div class=\"elementor-element elementor-element-2eb062d e-con-full e-flex e-con e-child\" data-id=\"2eb062d\" data-element_type=\"container\" data-settings=\"{&quot;jet_parallax_layout_list&quot;:[]}\">\n\t\t\t\t<div class=\"elementor-element elementor-element-7342f3b elementor-widget elementor-widget-heading\" data-id=\"7342f3b\" data-element_type=\"widget\" data-widget_type=\"heading.default\">\n\t\t\t\t<div class=\"elementor-widget-container\">\n\t\t\t\t\t<h1 class=\"elementor-heading-title elementor-size-default\">Acuerdo de usuario<\/h1>\t\t\t\t<\/div>\n\t\t\t\t<\/div>\n\t\t\t\t<\/div>\n\t\t\t\t<\/div>\n\t\t<div class=\"elementor-element elementor-element-70a2031 e-flex e-con-boxed e-con e-parent\" data-id=\"70a2031\" data-element_type=\"container\" data-settings=\"{&quot;jet_parallax_layout_list&quot;:[]}\">\n\t\t\t\t\t<div class=\"e-con-inner\">\n\t\t\t\t<div class=\"elementor-element elementor-element-72c69c2 elementor-widget elementor-widget-text-editor\" data-id=\"72c69c2\" data-element_type=\"widget\" data-widget_type=\"text-editor.default\">\n\t\t\t\t<div class=\"elementor-widget-container\">\n\t\t\t\t\t\t\t\t\t<p>Alerta Forestal (en adelante, \u201cel Proyecto\u201d, en cualquiera de los nombres que haya podido tener en el pasado o pueda adquirir en el futuro) es un proyecto de ciencia ciudadana coordinado por el CREAF.<\/p><p>El proyecto depende de la recogida de datos por parte de la ciudadan\u00eda sobre afectaciones en la salud de los bosques. Los ciudadanos participan enviando y compartiendo, entre otros, datos e im\u00e1genes, a trav\u00e9s de las diferentes p\u00e1ginas web del Proyecto, tanto desde dispositivos m\u00f3viles como desde otros dispositivos electr\u00f3nicos. Para ello, ser\u00e1 necesario ser mayor de edad o participar bajo la supervisi\u00f3n de un adulto y estar de acuerdo con la pol\u00edtica de privacidad del Proyecto, as\u00ed como con los t\u00e9rminos de uso:<\/p><ol><li>El objetivo de Alerta Forestal es analizar el estado de salud actual de los bosques y prever mediante modelos de simulaci\u00f3n c\u00f3mo ser\u00e1 el estado de salud de estos bosques en el futuro, teniendo en cuenta el cambio clim\u00e1tico y otros cambios ambientales que se est\u00e1n produciendo a escala global y local. Esto es clave para prever c\u00f3mo estos cambios en la salud de los bosques pueden afectar la salud de las personas. Para hacer esto, el Proyecto recoge datos e im\u00e1genes (entre otros) enviadas por parte de los participantes. El Proyecto tambi\u00e9n analiza y estudia esta informaci\u00f3n y la incorpora junto con otros para hacer modelos de simulaci\u00f3n que nos permitan elaborar mapas de predicci\u00f3n de la salud futura de nuestros bosques. En el sitio web del Proyecto informa de c\u00f3mo enviar datos y fotograf\u00edas. Aceptas que es tu responsabilidad proporcionar estas observaciones de manera responsable.<\/li><li>Al compartir tus datos y obras (ej. Fotograf\u00edas) con el Proyecto, aceptas los presentes t\u00e9rminos de uso, aceptas que las obras (ej. Fotograf\u00edas) se difundan de manera an\u00f3nima o utilizando el nombre de usuario que elijas al registrarte y concedes a los miembros del Proyecto una licencia sobre tu obra de duraci\u00f3n igual a los derechos de autor vigentes aplicables para poder explotar la obra sin ninguna restricci\u00f3n y cederla a terceros, libre de royalties, no exclusiva y sublicenciable. En cualquier caso, estos t\u00e9rminos no implican para el autor original restricci\u00f3n sobre el uso de sus obras, y puede explotarla por otros medios de manera compatible a la cesi\u00f3n concedida por este documento.<\/li><li>Por norma general, cualquier creaci\u00f3n original protegible por derechos de autor ser\u00e1 difundida por el Proyecto con licencia CC-BY, indicando autor an\u00f3nimo o nombre de usuario, seg\u00fan si el usuario se ha registrado o no y el nombre del Proyecto (ejemplo: An\u00f3nimo, CC-BY Alerta Forestal o nombre usuario, CC-BY Alerta Forestal), y aunque estas contengan nombre de autor o el autor conste en sus metadatos. Cuando sea posible, parte de las bases de datos o tablas resultantes de las contribuciones de los usuarios ser\u00e1n difundidas, por norma general, bajo licencia CC0. En caso de que sea necesario el acceso o cesi\u00f3n a terceras personas (profesionales encargados del seguimiento y control del estado y salud de los bosques, personal investigador, gestores del medio natural, etc.) de informaci\u00f3n recopilada por el Proyecto y considerada sensible (no difundida bajo licencia CC0), se establecer\u00e1n los protocolos y\/o licencias adecuadas para su difusi\u00f3n.<\/li><li>Garantizas que tienes los derechos legales necesarios sobre los datos y las obras que compartes con el Proyecto y que \u00e9stas no son difamatorias, ni infringen ninguna ley. En caso de que la participaci\u00f3n en el Proyecto sea an\u00f3nima, garantizas que no a\u00f1adir\u00e1s informaci\u00f3n personal tuya o de terceras personas en los datos u obras que env\u00edas al Proyecto. Entiendes que estos datos u obras pueden ser cedidos a terceros, y que desde el Proyecto no se puede garantizar la capacidad de eliminar cualquier posible dato personal que env\u00edes por error.<\/li><li>Aceptas indemnizar a los particulares, a las instituciones y\/o a los miembros del Proyecto y colaboradores de cualquier carga legal y\/o monetaria y de cualquier otro gasto en que pudiera incurrir como resultado de tu incumplimiento de la garant\u00eda anterior.<\/li><li>Aceptas que la responsabilidad de participar como usuario an\u00f3nimo o como usuario registrado es \u00fanicamente tuya, ya que el Proyecto permite ambas, y aceptas que, en caso de que participes como usuario registrado, tu nombre de usuario sea visible al portal del Proyecto asociado a tus observaciones, tanto datos (ej. fecha,localizaci\u00f3n) como obras proporcionadas (ej. fotograf\u00edas).<\/li><\/ol>\t\t\t\t\t\t\t\t<\/div>\n\t\t\t\t<\/div>\n\t\t\t\t\t<\/div>\n\t\t\t\t<\/div>\n\t\t\t\t<\/div>\n\t\t","protected":false},"excerpt":{"rendered":"<p>Alerta Forestal (en adelante, \u201cel Proyecto\u201d, en cualquiera de los nombres que haya podido tener en el pasado o pueda adquirir en el futuro) es un proyecto de ciencia ciudadana coordinado por el CREAF. El proyecto depende de la recogida de datos por parte de la ciudadan\u00eda sobre afectaciones en la salud de los bosques. [&hellip;]<\/p>\n","protected":false},"author":1,"featured_media":0,"parent":0,"menu_order":0,"comment_status":"closed","ping_status":"closed","template":"","meta":{"footnotes":""},"class_list":["post-7802","page","type-page","status-publish","hentry"],"yoast_head":"<!-- This site is optimized with the Yoast SEO plugin v25.5 - https:\/\/yoast.com\/wordpress\/plugins\/seo\/ -->\n<title>Acuerdo de usuario - Alerta Forestal<\/title>\n<meta name=\"description\" content=\"Alerta Forestal (en adelante, \u201cel Proyecto\u201d, en cualquiera de los nombres que haya podido tener en el pasado o pueda adquirir en el futuro) es un proyecto\" \/>\n<meta name=\"robots\" content=\"index, follow, max-snippet:-1, max-image-preview:large, max-video-preview:-1\" \/>\n<link rel=\"canonical\" href=\"https:\/\/www.alertaforestal.com\/es\/acuerdo-de-usuario\/\" \/>\n<meta property=\"og:locale\" content=\"es_ES\" \/>\n<meta property=\"og:type\" content=\"article\" \/>\n<meta property=\"og:title\" content=\"Acuerdo de usuario - Alerta Forestal\" \/>\n<meta property=\"og:description\" content=\"Alerta Forestal (en adelante, \u201cel Proyecto\u201d, en cualquiera de los nombres que haya podido tener en el pasado o pueda adquirir en el futuro) es un proyecto\" \/>\n<meta property=\"og:url\" content=\"https:\/\/www.alertaforestal.com\/es\/acuerdo-de-usuario\/\" \/>\n<meta property=\"og:site_name\" content=\"Alerta Forestal\" \/>\n<meta property=\"article:modified_time\" content=\"2025-04-25T09:03:04+00:00\" \/>\n<meta name=\"twitter:card\" content=\"summary_large_image\" \/>\n<meta name=\"twitter:site\" content=\"@AlertaForestal\" \/>\n<script type=\"application\/ld+json\" class=\"yoast-schema-graph\">{\"@context\":\"https:\/\/schema.org\",\"@graph\":[{\"@type\":\"WebPage\",\"@id\":\"https:\/\/www.alertaforestal.com\/es\/acuerdo-de-usuario\/\",\"url\":\"https:\/\/www.alertaforestal.com\/es\/acuerdo-de-usuario\/\",\"name\":\"Acuerdo de usuario - Alerta Forestal\",\"isPartOf\":{\"@id\":\"https:\/\/www.alertaforestal.com\/es\/#website\"},\"datePublished\":\"2025-02-17T09:46:00+00:00\",\"dateModified\":\"2025-04-25T09:03:04+00:00\",\"description\":\"Alerta Forestal (en adelante, \u201cel Proyecto\u201d, en cualquiera de los nombres que haya podido tener en el pasado o pueda adquirir en el futuro) es un proyecto\",\"breadcrumb\":{\"@id\":\"https:\/\/www.alertaforestal.com\/es\/acuerdo-de-usuario\/#breadcrumb\"},\"inLanguage\":\"es\",\"potentialAction\":[{\"@type\":\"ReadAction\",\"target\":[\"https:\/\/www.alertaforestal.com\/es\/acuerdo-de-usuario\/\"]}]},{\"@type\":\"BreadcrumbList\",\"@id\":\"https:\/\/www.alertaforestal.com\/es\/acuerdo-de-usuario\/#breadcrumb\",\"itemListElement\":[{\"@type\":\"ListItem\",\"position\":1,\"name\":\"Inici\",\"item\":\"https:\/\/www.alertaforestal.com\/es\/\"},{\"@type\":\"ListItem\",\"position\":2,\"name\":\"Acuerdo de usuario\"}]},{\"@type\":\"WebSite\",\"@id\":\"https:\/\/www.alertaforestal.com\/es\/#website\",\"url\":\"https:\/\/www.alertaforestal.com\/es\/\",\"name\":\"AlertaForestal\",\"description\":\"\",\"publisher\":{\"@id\":\"https:\/\/www.alertaforestal.com\/es\/#organization\"},\"potentialAction\":[{\"@type\":\"SearchAction\",\"target\":{\"@type\":\"EntryPoint\",\"urlTemplate\":\"https:\/\/www.alertaforestal.com\/es\/?s={search_term_string}\"},\"query-input\":{\"@type\":\"PropertyValueSpecification\",\"valueRequired\":true,\"valueName\":\"search_term_string\"}}],\"inLanguage\":\"es\"},{\"@type\":\"Organization\",\"@id\":\"https:\/\/www.alertaforestal.com\/es\/#organization\",\"name\":\"AlertaForestal\",\"url\":\"https:\/\/www.alertaforestal.com\/es\/\",\"logo\":{\"@type\":\"ImageObject\",\"inLanguage\":\"es\",\"@id\":\"https:\/\/www.alertaforestal.com\/es\/#\/schema\/logo\/image\/\",\"url\":\"https:\/\/www.alertaforestal.com\/wp-content\/uploads\/2025\/02\/logo-alertaforestal2024-01.webp\",\"contentUrl\":\"https:\/\/www.alertaforestal.com\/wp-content\/uploads\/2025\/02\/logo-alertaforestal2024-01.webp\",\"width\":1920,\"height\":455,\"caption\":\"AlertaForestal\"},\"image\":{\"@id\":\"https:\/\/www.alertaforestal.com\/es\/#\/schema\/logo\/image\/\"},\"sameAs\":[\"https:\/\/x.com\/AlertaForestal\",\"https:\/\/www.instagram.com\/AlertaForestal\"]}]}<\/script>\n<!-- \/ Yoast SEO plugin. -->","yoast_head_json":{"title":"Acuerdo de usuario - Alerta Forestal","description":"Alerta Forestal (en adelante, \u201cel Proyecto\u201d, en cualquiera de los nombres que haya podido tener en el pasado o pueda adquirir en el futuro) es un proyecto","robots":{"index":"index","follow":"follow","max-snippet":"max-snippet:-1","max-image-preview":"max-image-preview:large","max-video-preview":"max-video-preview:-1"},"canonical":"https:\/\/www.alertaforestal.com\/es\/acuerdo-de-usuario\/","og_locale":"es_ES","og_type":"article","og_title":"Acuerdo de usuario - Alerta Forestal","og_description":"Alerta Forestal (en adelante, \u201cel Proyecto\u201d, en cualquiera de los nombres que haya podido tener en el pasado o pueda adquirir en el futuro) es un proyecto","og_url":"https:\/\/www.alertaforestal.com\/es\/acuerdo-de-usuario\/","og_site_name":"Alerta Forestal","article_modified_time":"2025-04-25T09:03:04+00:00","twitter_card":"summary_large_image","twitter_site":"@AlertaForestal","schema":{"@context":"https:\/\/schema.org","@graph":[{"@type":"WebPage","@id":"https:\/\/www.alertaforestal.com\/es\/acuerdo-de-usuario\/","url":"https:\/\/www.alertaforestal.com\/es\/acuerdo-de-usuario\/","name":"Acuerdo de usuario - Alerta Forestal","isPartOf":{"@id":"https:\/\/www.alertaforestal.com\/es\/#website"},"datePublished":"2025-02-17T09:46:00+00:00","dateModified":"2025-04-25T09:03:04+00:00","description":"Alerta Forestal (en adelante, \u201cel Proyecto\u201d, en cualquiera de los nombres que haya podido tener en el pasado o pueda adquirir en el futuro) es un proyecto","breadcrumb":{"@id":"https:\/\/www.alertaforestal.com\/es\/acuerdo-de-usuario\/#breadcrumb"},"inLanguage":"es","potentialAction":[{"@type":"ReadAction","target":["https:\/\/www.alertaforestal.com\/es\/acuerdo-de-usuario\/"]}]},{"@type":"BreadcrumbList","@id":"https:\/\/www.alertaforestal.com\/es\/acuerdo-de-usuario\/#breadcrumb","itemListElement":[{"@type":"ListItem","position":1,"name":"Inici","item":"https:\/\/www.alertaforestal.com\/es\/"},{"@type":"ListItem","position":2,"name":"Acuerdo de usuario"}]},{"@type":"WebSite","@id":"https:\/\/www.alertaforestal.com\/es\/#website","url":"https:\/\/www.alertaforestal.com\/es\/","name":"AlertaForestal","description":"","publisher":{"@id":"https:\/\/www.alertaforestal.com\/es\/#organization"},"potentialAction":[{"@type":"SearchAction","target":{"@type":"EntryPoint","urlTemplate":"https:\/\/www.alertaforestal.com\/es\/?s={search_term_string}"},"query-input":{"@type":"PropertyValueSpecification","valueRequired":true,"valueName":"search_term_string"}}],"inLanguage":"es"},{"@type":"Organization","@id":"https:\/\/www.alertaforestal.com\/es\/#organization","name":"AlertaForestal","url":"https:\/\/www.alertaforestal.com\/es\/","logo":{"@type":"ImageObject","inLanguage":"es","@id":"https:\/\/www.alertaforestal.com\/es\/#\/schema\/logo\/image\/","url":"https:\/\/www.alertaforestal.com\/wp-content\/uploads\/2025\/02\/logo-alertaforestal2024-01.webp","contentUrl":"https:\/\/www.alertaforestal.com\/wp-content\/uploads\/2025\/02\/logo-alertaforestal2024-01.webp","width":1920,"height":455,"caption":"AlertaForestal"},"image":{"@id":"https:\/\/www.alertaforestal.com\/es\/#\/schema\/logo\/image\/"},"sameAs":["https:\/\/x.com\/AlertaForestal","https:\/\/www.instagram.com\/AlertaForestal"]}]}},"_links":{"self":[{"href":"https:\/\/www.alertaforestal.com\/es\/wp-json\/wp\/v2\/pages\/7802","targetHints":{"allow":["GET"]}}],"collection":[{"href":"https:\/\/www.alertaforestal.com\/es\/wp-json\/wp\/v2\/pages"}],"about":[{"href":"https:\/\/www.alertaforestal.com\/es\/wp-json\/wp\/v2\/types\/page"}],"author":[{"embeddable":true,"href":"https:\/\/www.alertaforestal.com\/es\/wp-json\/wp\/v2\/users\/1"}],"replies":[{"embeddable":true,"href":"https:\/\/www.alertaforestal.com\/es\/wp-json\/wp\/v2\/comments?post=7802"}],"version-history":[{"count":0,"href":"https:\/\/www.alertaforestal.com\/es\/wp-json\/wp\/v2\/pages\/7802\/revisions"}],"wp:attachment":[{"href":"https:\/\/www.alertaforestal.com\/es\/wp-json\/wp\/v2\/media?parent=7802"}],"curies":[{"name":"wp","href":"https:\/\/api.w.org\/{rel}","templated":true}]}}